{"id":231,"date":"2026-04-27T13:08:39","date_gmt":"2026-04-27T13:08:39","guid":{"rendered":"https:\/\/avibrasaeroco.com\/?page_id=231"},"modified":"2026-05-11T17:31:07","modified_gmt":"2026-05-11T17:31:07","slug":"governanca","status":"publish","type":"page","link":"https:\/\/avibrasaeroco.com\/en\/governanca\/","title":{"rendered":"Governance"},"content":{"rendered":"<div data-elementor-type=\"wp-page\" data-elementor-id=\"231\" class=\"elementor elementor-231\" data-elementor-post-type=\"page\">\n\t\t\t\t<div class=\"elementor-element elementor-element-d79af54 e-flex e-con-boxed e-con e-parent\" data-id=\"d79af54\" data-element_type=\"container\" data-e-type=\"container\" data-settings=\"{&quot;background_background&quot;:&quot;video&quot;,&quot;background_video_link&quot;:&quot;https:\\\/\\\/avibrasaeroco.com\\\/wp-content\\\/uploads\\\/2026\\\/04\\\/HERO-SECTION-GOVERNANCA-BRUTO-80-OPACIDADE.mp4&quot;,&quot;background_play_on_mobile&quot;:&quot;yes&quot;}\">\n\t\t\t\t\t<div class=\"e-con-inner\">\n\t\t<div class=\"elementor-background-video-container\">\n\t\t\t\t\t\t\t<video class=\"elementor-background-video-hosted\" role=\"presentation\" autoplay muted playsinline loop><\/video>\n\t\t\t\t\t<\/div>\t\t<section class=\"elementor-element elementor-element-11314e8 e-con e-atomic-element e-flexbox-base e-11314e8-7323c36\" data-id=\"11314e8\" data-element_type=\"e-flexbox\" data-e-type=\"e-flexbox\" data-interaction-id=\"11314e8\">\n\t\t\t\t\t\t\t<h1 \n\t\tdata-interaction-id=\"a4eb76d\" \n\t\tclass=\"e-a4eb76d-5c4cd78 tit-over-video e-heading-base translation-block\" \n\t\t \n\t\tdata-e-type=\"widget\" data-id=\"a4eb76d\"\n\t>Strong, transparent governance<br>aligned with best practices<\/h1>\n\t\t\t\t<\/section>\n\t\t\t\t\t<\/div>\n\t\t\t\t<\/div>\n\t\t<div class=\"elementor-element elementor-element-10915af e-flex e-con-boxed e-con e-parent\" data-id=\"10915af\" data-element_type=\"container\" data-e-type=\"container\" data-settings=\"{&quot;background_background&quot;:&quot;classic&quot;}\">\n\t\t\t\t\t<div class=\"e-con-inner\">\n\t\t\t\t<div class=\"elementor-element elementor-element-88c833f e-con e-atomic-element e-flexbox-base e-88c833f-63d2807\" data-id=\"88c833f\" data-element_type=\"e-flexbox\" data-e-type=\"e-flexbox\" data-interaction-id=\"88c833f\">\n\t\t\t\t<div class=\"elementor-element elementor-element-f75fe20 e-con e-atomic-element e-flexbox-base e-f75fe20-b3ece2e\" data-id=\"f75fe20\" data-element_type=\"e-flexbox\" data-e-type=\"e-flexbox\" data-interaction-id=\"f75fe20\">\n\t\t\t\t\t\t\t<h3 \n\t\tdata-interaction-id=\"c4bbb53\" \n\t\tclass=\"h2-geral e-heading-base\" \n\t\t \n\t\tdata-e-type=\"widget\" data-id=\"c4bbb53\"\n\t>\n\t\n\t\t\tThe Way We Work\n\t\t<\/h3>\n\t\t\t\t\t\t\t\t<p class=\"p-blocos e-1882200-2b8742d e-paragraph-base\" data-interaction-id=\"1882200\"  data-e-type=\"widget\" data-id=\"1882200\">\n\t\t\t\t\t\t\t\tAvibras Aeroco adopts a structured and transparent corporate governance model, aligned with Brazilian legislation and market best practices, ensuring clarity in decision-making, responsible management, and balance between strategic direction and operational execution.<br>&nbsp;<br>The company\u2019s governance is structured through bodies with clearly defined responsibilities, observing the segregation of functions and the continuous oversight of management.<br><br>This model ensures the proper definition of strategic guidelines, the monitoring of executive activities, and accountability, in accordance with applicable legislation.\n\t\t\t\t\t<\/p>\n\t\t\t\t<\/div>\n\t\t\t\t<div class=\"elementor-element elementor-element-ff2bf81 e-con e-atomic-element e-flexbox-base e-ff2bf81-8c9568e\" data-id=\"ff2bf81\" data-element_type=\"e-flexbox\" data-e-type=\"e-flexbox\" data-interaction-id=\"ff2bf81\">\n\t\t\t\t<div class=\"elementor-element elementor-element-e1ff080 elementor-widget elementor-widget-image\" data-id=\"e1ff080\" data-element_type=\"widget\" data-e-type=\"widget\" data-widget_type=\"image.default\">\n\t\t\t\t\t\t\t\t\t\t\t\t\t\t\t<img fetchpriority=\"high\" decoding=\"async\" width=\"651\" height=\"412\" src=\"https:\/\/avibrasaeroco.com\/wp-content\/uploads\/2026\/04\/nossa-atuacao.png\" class=\"attachment-full size-full wp-image-238\" alt=\"\" srcset=\"https:\/\/avibrasaeroco.com\/wp-content\/uploads\/2026\/04\/nossa-atuacao.png 651w, https:\/\/avibrasaeroco.com\/wp-content\/uploads\/2026\/04\/nossa-atuacao-300x190.png 300w\" sizes=\"(max-width: 651px) 100vw, 651px\" \/>\t\t\t\t\t\t\t\t\t\t\t\t\t\t\t<\/div>\n\t\t\t\t<\/div>\n\t\t\t\t<\/div>\n\t\t\t\t<div class=\"elementor-element elementor-element-6bfe2d6 e-con e-atomic-element e-flexbox-base e-6bfe2d6-3fd9a29\" data-id=\"6bfe2d6\" data-element_type=\"e-flexbox\" data-e-type=\"e-flexbox\" data-interaction-id=\"6bfe2d6\">\n\t\t\t\t<div class=\"elementor-element elementor-element-83d9ba6 e-con e-atomic-element e-flexbox-base e-83d9ba6-41be07b\" data-id=\"83d9ba6\" data-element_type=\"e-flexbox\" data-e-type=\"e-flexbox\" data-interaction-id=\"83d9ba6\">\n\t\t\t\t<div class=\"elementor-element elementor-element-07e9901 elementor-widget elementor-widget-image\" data-id=\"07e9901\" data-element_type=\"widget\" data-e-type=\"widget\" data-widget_type=\"image.default\">\n\t\t\t\t\t\t\t\t\t\t\t\t\t\t\t<img decoding=\"async\" width=\"651\" height=\"412\" src=\"https:\/\/avibrasaeroco.com\/wp-content\/uploads\/2026\/04\/integridade-institucional.png\" class=\"attachment-full size-full wp-image-239\" alt=\"\" srcset=\"https:\/\/avibrasaeroco.com\/wp-content\/uploads\/2026\/04\/integridade-institucional.png 651w, https:\/\/avibrasaeroco.com\/wp-content\/uploads\/2026\/04\/integridade-institucional-300x190.png 300w\" sizes=\"(max-width: 651px) 100vw, 651px\" \/>\t\t\t\t\t\t\t\t\t\t\t\t\t\t\t<\/div>\n\t\t\t\t<\/div>\n\t\t\t\t<div class=\"elementor-element elementor-element-e005652 e-con e-atomic-element e-flexbox-base e-e005652-bd0c81c\" data-id=\"e005652\" data-element_type=\"e-flexbox\" data-e-type=\"e-flexbox\" data-interaction-id=\"e005652\">\n\t\t\t\t\t\t\t<h3 \n\t\tdata-interaction-id=\"7c399b3\" \n\t\tclass=\"h2-geral e-heading-base\" \n\t\t \n\t\tdata-e-type=\"widget\" data-id=\"7c399b3\"\n\t>\n\t\n\t\t\tInstitutional Integrity and Risk Management\n\t\t<\/h3>\n\t\t\t\t\t\t\t\t<p class=\"p-blocos e-8a32ef8-100cb76 e-paragraph-base\" data-interaction-id=\"8a32ef8\"  data-e-type=\"widget\" data-id=\"8a32ef8\">\n\t\t\t\t\t\t\t\tAvibras Aeroco conducts its activities based on business integrity, adopting ethical principles, compliance mechanisms, and internal controls aimed at preventing irregularities, mitigating risks, and ensuring compliance with legal, regulatory, and contractual requirements.\n\t\t\t\t\t<\/p>\n\t\t\t\t<\/div>\n\t\t\t\t<\/div>\n\t\t\t\t\t<\/div>\n\t\t\t\t<\/div>\n\t\t\t\t<\/div>","protected":false},"excerpt":{"rendered":"<p>Governan\u00e7a S\u00f3lida, transparente e alinhada \u00e0s melhores pr\u00e1ticas Nossa forma de atua\u00e7\u00e3o A Avibras Aeroco adota um modelo de governan\u00e7a corporativa estruturado, transparente e alinhado \u00e0 legisla\u00e7\u00e3o brasileira e \u00e0s melhores pr\u00e1ticas de mercado, assegurando clareza na tomada de decis\u00f5es, responsabilidade na gest\u00e3o e equil\u00edbrio entre dire\u00e7\u00e3o estrat\u00e9gica e execu\u00e7\u00e3o operacional.&nbsp;A governan\u00e7a da companhia \u00e9 [&hellip;]<\/p>\n","protected":false},"author":1,"featured_media":0,"parent":0,"menu_order":0,"comment_status":"closed","ping_status":"closed","template":"","meta":{"footnotes":""},"class_list":["post-231","page","type-page","status-publish","hentry"],"_links":{"self":[{"href":"https:\/\/avibrasaeroco.com\/en\/wp-json\/wp\/v2\/pages\/231","targetHints":{"allow":["GET"]}}],"collection":[{"href":"https:\/\/avibrasaeroco.com\/en\/wp-json\/wp\/v2\/pages"}],"about":[{"href":"https:\/\/avibrasaeroco.com\/en\/wp-json\/wp\/v2\/types\/page"}],"author":[{"embeddable":true,"href":"https:\/\/avibrasaeroco.com\/en\/wp-json\/wp\/v2\/users\/1"}],"replies":[{"embeddable":true,"href":"https:\/\/avibrasaeroco.com\/en\/wp-json\/wp\/v2\/comments?post=231"}],"version-history":[{"count":16,"href":"https:\/\/avibrasaeroco.com\/en\/wp-json\/wp\/v2\/pages\/231\/revisions"}],"predecessor-version":[{"id":795,"href":"https:\/\/avibrasaeroco.com\/en\/wp-json\/wp\/v2\/pages\/231\/revisions\/795"}],"wp:attachment":[{"href":"https:\/\/avibrasaeroco.com\/en\/wp-json\/wp\/v2\/media?parent=231"}],"curies":[{"name":"wp","href":"https:\/\/api.w.org\/{rel}","templated":true}]}}