{"id":250,"date":"2026-04-27T17:31:39","date_gmt":"2026-04-27T17:31:39","guid":{"rendered":"https:\/\/avibrasaeroco.com\/?page_id=250"},"modified":"2026-05-11T17:30:45","modified_gmt":"2026-05-11T17:30:45","slug":"defesa","status":"publish","type":"page","link":"https:\/\/avibrasaeroco.com\/en\/defesa\/","title":{"rendered":"Defence"},"content":{"rendered":"<div data-elementor-type=\"wp-page\" data-elementor-id=\"250\" class=\"elementor elementor-250\" data-elementor-post-type=\"page\">\n\t\t\t\t<div class=\"elementor-element elementor-element-449dc41 e-flex e-con-boxed e-con e-parent\" data-id=\"449dc41\" data-element_type=\"container\" data-e-type=\"container\" data-settings=\"{&quot;background_background&quot;:&quot;video&quot;,&quot;background_video_link&quot;:&quot;https:\\\/\\\/avibrasaeroco.com\\\/wp-content\\\/uploads\\\/2026\\\/05\\\/Hero-Defesa-2.mp4&quot;,&quot;background_play_on_mobile&quot;:&quot;yes&quot;}\">\n\t\t\t\t\t<div class=\"e-con-inner\">\n\t\t<div class=\"elementor-background-video-container\">\n\t\t\t\t\t\t\t<video class=\"elementor-background-video-hosted\" role=\"presentation\" autoplay muted playsinline loop><\/video>\n\t\t\t\t\t<\/div>\t\t<section class=\"elementor-element elementor-element-0adeaca e-con e-atomic-element e-flexbox-base e-0adeaca-ec3ec92\" data-id=\"0adeaca\" data-element_type=\"e-flexbox\" data-e-type=\"e-flexbox\" data-interaction-id=\"0adeaca\">\n\t\t\t\t\t\t\t<h1 \n\t\tdata-interaction-id=\"5ca660b\" \n\t\tclass=\"e-5ca660b-5271c64 tit-over-video e-heading-base\" \n\t\t \n\t\tdata-e-type=\"widget\" data-id=\"5ca660b\"\n\t>\n\t\n\t\t\tStrategic Defence Systems\n\t\t<\/h1>\n\t\t\t\t\t\t\t<h1 \n\t\tdata-interaction-id=\"62e29cc\" \n\t\tclass=\"sub-over-video e-heading-base\" \n\t\t \n\t\tdata-e-type=\"widget\" data-id=\"62e29cc\"\n\t>\n\t\n\t\t\tTechnology, precision and robustness for critical missions\n\t\t<\/h1>\n\t\t\t\t<\/section>\n\t\t\t\t\t<\/div>\n\t\t\t\t<\/div>\n\t\t<div class=\"elementor-element elementor-element-b442251 e-flex e-con-boxed e-con e-parent\" data-id=\"b442251\" data-element_type=\"container\" data-e-type=\"container\" id=\"missao\" data-settings=\"{&quot;background_background&quot;:&quot;classic&quot;}\">\n\t\t\t\t\t<div class=\"e-con-inner\">\n\t\t\t\t\t\t\t<h1 \n\t\tdata-interaction-id=\"f6f5219\" \n\t\tclass=\"h1 e-heading-base\" \n\t\t \n\t\tdata-e-type=\"widget\" data-id=\"f6f5219\"\n\t>\n\t\n\t\t\tASTROS\n\t\t<\/h1>\n\t\t\t\t\t\t\t<h2 \n\t\tdata-interaction-id=\"d0816dc\" \n\t\tclass=\"h2-geral e-d0816dc-e9f493a e-heading-base\" \n\t\t \n\t\tdata-e-type=\"widget\" data-id=\"d0816dc\"\n\t>\n\t\n\t\t\tOne System, Multiple Missions\n\t\t<\/h2>\n\t\t\t\t<div class=\"elementor-element elementor-element-b76ba45 e-con e-atomic-element e-flexbox-base e-b76ba45-55f5951\" data-id=\"b76ba45\" data-element_type=\"e-flexbox\" data-e-type=\"e-flexbox\" data-interaction-id=\"b76ba45\">\n\t\t\t\t<div class=\"elementor-element elementor-element-481a3b1 e-con e-atomic-element e-flexbox-base e-481a3b1-5e91ce0\" data-id=\"481a3b1\" data-element_type=\"e-flexbox\" data-e-type=\"e-flexbox\" data-interaction-id=\"481a3b1\">\n\t\t\t\t\t\t\t\t<p class=\"p-blocos e-paragraph-base\" data-interaction-id=\"30992cd\"  data-e-type=\"widget\" data-id=\"30992cd\">\n\t\t\t\t\t\t\t\tA world-class reference in its category, ASTROS is the most flexible ground-to-ground artillery rocket and missile system in operation, combat-proven on multiple occasions.<br><br>It is the only system capable of launching rockets, ballistic missiles, and tactical cruise missiles of different calibers from the same platform, at ranges between 9 and 300 km.<br><br>ASTROS stands out for its high mobility, agility, and versatility, and can be employed for Field Artillery operations as well as Coastal and Littoral Defence.\n\t\t\t\t\t<\/p>\n\t\t\t\t<\/div>\n\t\t\t\t<div class=\"elementor-element elementor-element-68772db e-con e-atomic-element e-flexbox-base e-68772db-c46c68d\" data-id=\"68772db\" data-element_type=\"e-flexbox\" data-e-type=\"e-flexbox\" data-interaction-id=\"68772db\">\n\t\t\t\t<div class=\"elementor-element elementor-element-3eb01d6 elementor-widget elementor-widget-image\" data-id=\"3eb01d6\" data-element_type=\"widget\" data-e-type=\"widget\" data-widget_type=\"image.default\">\n\t\t\t\t\t\t\t\t\t\t\t\t\t\t\t<img fetchpriority=\"high\" decoding=\"async\" width=\"650\" height=\"412\" src=\"https:\/\/avibrasaeroco.com\/wp-content\/uploads\/2026\/04\/defesa-astros.png\" class=\"attachment-full size-full wp-image-254\" alt=\"\" srcset=\"https:\/\/avibrasaeroco.com\/wp-content\/uploads\/2026\/04\/defesa-astros.png 650w, https:\/\/avibrasaeroco.com\/wp-content\/uploads\/2026\/04\/defesa-astros-300x190.png 300w\" sizes=\"(max-width: 650px) 100vw, 650px\" \/>\t\t\t\t\t\t\t\t\t\t\t\t\t\t\t<\/div>\n\t\t\t\t<\/div>\n\t\t\t\t<\/div>\n\t\t\t\t\t<\/div>\n\t\t\t\t<\/div>\n\t\t<div class=\"elementor-element elementor-element-3cfbf68 e-flex e-con-boxed e-con e-parent\" data-id=\"3cfbf68\" data-element_type=\"container\" data-e-type=\"container\" id=\"inovacao\">\n\t\t\t\t\t<div class=\"e-con-inner\">\n\t\t\t\t<div class=\"elementor-element elementor-element-3667b44 e-con e-atomic-element e-flexbox-base e-3667b44-457dfd1\" data-id=\"3667b44\" data-element_type=\"e-flexbox\" data-e-type=\"e-flexbox\" data-interaction-id=\"3667b44\">\n\t\t\t\t<div class=\"elementor-element elementor-element-9d33b69 e-con e-atomic-element e-flexbox-base e-9d33b69-f5e8dab\" data-id=\"9d33b69\" data-element_type=\"e-flexbox\" data-e-type=\"e-flexbox\" data-interaction-id=\"9d33b69\">\n\t\t\t\t\t\t\t<h2 \n\t\tdata-interaction-id=\"720bdca\" \n\t\tclass=\"h2-geral e-720bdca-266609e e-heading-base translation-block\" \n\t\t \n\t\tdata-e-type=\"widget\" data-id=\"720bdca\"\n\t>Missile and Rocket Technology<\/h2>\n\t\t\t\t<\/div>\n\t\t\t\t<div class=\"elementor-element elementor-element-f05e99a e-con e-atomic-element e-flexbox-base e-f05e99a-05b4ada\" data-id=\"f05e99a\" data-element_type=\"e-flexbox\" data-e-type=\"e-flexbox\" data-interaction-id=\"f05e99a\">\n\t\t\t\t\t\t\t\t<p class=\"e-paragraph-base\" data-interaction-id=\"09bbe71\"  data-e-type=\"widget\" data-id=\"09bbe71\">\n\t\t\t\t\t\t\t\tAvibras Aeroco is a strategic supplier of defence systems and aerospace solutions for the domestic and international markets. The company has full capability to design, develop, manufacture, and integrate rockets and missiles for space research and military applications.<br><br>A partner of the Brazilian Armed Forces and international customers, Avibras combines advanced engineering, industrial capacity, and technology to deliver high-performance solutions. Its portfolio includes high-energy composite solid propellants and propulsion systems recognized globally for their reliability, efficiency, and operational performance.\n\t\t\t\t\t<\/p>\n\t\t\t\t<\/div>\n\t\t\t\t<\/div>\n\t\t\t\t\t<\/div>\n\t\t\t\t<\/div>\n\t\t<div class=\"elementor-element elementor-element-f23668f e-flex e-con-boxed e-con e-parent\" data-id=\"f23668f\" data-element_type=\"container\" data-e-type=\"container\" data-settings=\"{&quot;background_background&quot;:&quot;classic&quot;}\">\n\t\t\t\t\t<div class=\"e-con-inner\">\n\t\t\t\t<div class=\"elementor-element elementor-element-8cc23a8 e-con e-atomic-element e-flexbox-base e-8cc23a8-8da2af4\" data-id=\"8cc23a8\" data-element_type=\"e-flexbox\" data-e-type=\"e-flexbox\" data-interaction-id=\"8cc23a8\">\n\t\t\t\t<div class=\"elementor-element elementor-element-354a1ad e-con e-atomic-element e-flexbox-base e-354a1ad-853ed71\" data-id=\"354a1ad\" data-element_type=\"e-flexbox\" data-e-type=\"e-flexbox\" data-interaction-id=\"354a1ad\">\n\t\t\t\t\t\t\t<h2 \n\t\tdata-interaction-id=\"26e4aba\" \n\t\tclass=\"tit-blocos-home e-26e4aba-4b588c1 e-heading-base\" \n\t\t \n\t\tdata-e-type=\"widget\" data-id=\"26e4aba\"\n\t>\n\t\n\t\t\tTactical Cruise Missile\u00a0\n\t\t<\/h2>\n\t\t\t\t\t\t\t\t<p class=\"p-blocos e-paragraph-base\" data-interaction-id=\"40a029b\"  data-e-type=\"widget\" data-id=\"40a029b\">\n\t\t\t\t\t\t\t\tThe new generation of the Tactical Cruise Missile (TCM), with a range of up to 300 kilometers and turbine propulsion, is currently undergoing certification.\n\t\t\t\t\t<\/p>\n\t\t\t\t<\/div>\n\t\t\t\t<div class=\"elementor-element elementor-element-3d6cc69 e-con e-atomic-element e-flexbox-base e-3d6cc69-59c8c48\" data-id=\"3d6cc69\" data-element_type=\"e-flexbox\" data-e-type=\"e-flexbox\" data-interaction-id=\"3d6cc69\">\n\t\t\t\t<div class=\"elementor-element elementor-element-592eb45 elementor-widget elementor-widget-image\" data-id=\"592eb45\" data-element_type=\"widget\" data-e-type=\"widget\" data-widget_type=\"image.default\">\n\t\t\t\t\t\t\t\t\t\t\t\t\t\t\t<img decoding=\"async\" width=\"650\" height=\"412\" src=\"https:\/\/avibrasaeroco.com\/wp-content\/uploads\/2026\/04\/missil-tatico.png\" class=\"attachment-full size-full wp-image-255\" alt=\"\" srcset=\"https:\/\/avibrasaeroco.com\/wp-content\/uploads\/2026\/04\/missil-tatico.png 650w, https:\/\/avibrasaeroco.com\/wp-content\/uploads\/2026\/04\/missil-tatico-300x190.png 300w\" sizes=\"(max-width: 650px) 100vw, 650px\" \/>\t\t\t\t\t\t\t\t\t\t\t\t\t\t\t<\/div>\n\t\t\t\t<\/div>\n\t\t\t\t<\/div>\n\t\t\t\t<div class=\"elementor-element elementor-element-011c998 e-con e-atomic-element e-flexbox-base e-011c998-0743a8a\" data-id=\"011c998\" data-element_type=\"e-flexbox\" data-e-type=\"e-flexbox\" data-interaction-id=\"011c998\">\n\t\t\t\t<div class=\"elementor-element elementor-element-85c231d e-con e-atomic-element e-flexbox-base e-85c231d-fb3920b\" data-id=\"85c231d\" data-element_type=\"e-flexbox\" data-e-type=\"e-flexbox\" data-interaction-id=\"85c231d\">\n\t\t\t\t<div class=\"elementor-element elementor-element-18acd52 elementor-widget elementor-widget-image\" data-id=\"18acd52\" data-element_type=\"widget\" data-e-type=\"widget\" data-widget_type=\"image.default\">\n\t\t\t\t\t\t\t\t\t\t\t\t\t\t\t<img decoding=\"async\" width=\"800\" height=\"506\" src=\"https:\/\/avibrasaeroco.com\/wp-content\/uploads\/2026\/05\/lancamento-avibras-1.png\" class=\"attachment-full size-full wp-image-735\" alt=\"\" srcset=\"https:\/\/avibrasaeroco.com\/wp-content\/uploads\/2026\/05\/lancamento-avibras-1.png 800w, https:\/\/avibrasaeroco.com\/wp-content\/uploads\/2026\/05\/lancamento-avibras-1-300x190.png 300w, https:\/\/avibrasaeroco.com\/wp-content\/uploads\/2026\/05\/lancamento-avibras-1-768x486.png 768w, https:\/\/avibrasaeroco.com\/wp-content\/uploads\/2026\/05\/lancamento-avibras-1-18x12.png 18w\" sizes=\"(max-width: 800px) 100vw, 800px\" \/>\t\t\t\t\t\t\t\t\t\t\t\t\t\t\t<\/div>\n\t\t\t\t<\/div>\n\t\t\t\t<div class=\"elementor-element elementor-element-3f34e9a e-con e-atomic-element e-flexbox-base e-3f34e9a-c942ea7\" data-id=\"3f34e9a\" data-element_type=\"e-flexbox\" data-e-type=\"e-flexbox\" data-interaction-id=\"3f34e9a\">\n\t\t\t\t\t\t\t<h3 \n\t\tdata-interaction-id=\"1df9521\" \n\t\tclass=\"h3-blocos e-1df9521-6763d38 e-heading-base\" \n\t\t \n\t\tdata-e-type=\"widget\" data-id=\"1df9521\"\n\t>\n\t\n\t\t\tTactical Ballistic Missile\n\t\t<\/h3>\n\t\t\t\t\t\t\t\t<p class=\"p-blocos e-paragraph-base\" data-interaction-id=\"f4110ee\"  data-e-type=\"widget\" data-id=\"f4110ee\">\n\t\t\t\t\t\t\t\tThe AV-SS-100 Tactical Ballistic Missile (TBM) is currently under development, with a maximum range of over 100 kilometres and the ability to be fired from the ASTROS System platform. The AV-SS 100's mission is to execute high-precision strikes against tactical, operational, and strategic targets, expanding the firepower of the Land Forces. It can be used against high-value targets located between 50 km and 100 km away, with low collateral damage, against personnel, vehicles, and buildings.\n\t\t\t\t\t<\/p>\n\t\t\t\t<\/div>\n\t\t\t\t<\/div>\n\t\t\t\t<div class=\"elementor-element elementor-element-b511b23 e-con e-atomic-element e-flexbox-base e-b511b23-dd5b6be\" data-id=\"b511b23\" data-element_type=\"e-flexbox\" data-e-type=\"e-flexbox\" data-interaction-id=\"b511b23\">\n\t\t\t\t<div class=\"elementor-element elementor-element-453dd8b e-con e-atomic-element e-flexbox-base e-453dd8b-b0c551d\" data-id=\"453dd8b\" data-element_type=\"e-flexbox\" data-e-type=\"e-flexbox\" data-interaction-id=\"453dd8b\">\n\t\t\t\t\t\t\t<h2 \n\t\tdata-interaction-id=\"b599a0c\" \n\t\tclass=\"tit-blocos-home e-b599a0c-c54ecc3 e-heading-base\" \n\t\t \n\t\tdata-e-type=\"widget\" data-id=\"b599a0c\"\n\t>\n\t\n\t\t\tskyfire\n\t\t<\/h2>\n\t\t\t\t\t\t\t\t<p class=\"p-blocos e-paragraph-base\" data-interaction-id=\"5c09a23\"  data-e-type=\"widget\" data-id=\"5c09a23\">\n\t\t\t\t\t\t\t\tThe next-generation Skyfire 70 mm Air-to-Ground Rocket System is composed of high-energy motors, various warheads, and launchers equipped with advanced weapons control systems, compatible with virtually all fixed-wing aircraft and helicopters.<br><br>The Ground-to-Ground version of the system, available in towed or light-vehicle-mounted configurations, is especially suitable for special forces and light artillery units. It can fire a salvo of 36 rockets in 12 seconds, reaching distances of up to 12 kilometers, while providing high mobility and firepower.\n\t\t\t\t\t<\/p>\n\t\t\t\t<\/div>\n\t\t\t\t<div class=\"elementor-element elementor-element-486f473 e-con e-atomic-element e-flexbox-base e-486f473-fa861d9\" data-id=\"486f473\" data-element_type=\"e-flexbox\" data-e-type=\"e-flexbox\" data-interaction-id=\"486f473\">\n\t\t\t\t<div class=\"elementor-element elementor-element-725756f elementor-widget elementor-widget-image\" data-id=\"725756f\" data-element_type=\"widget\" data-e-type=\"widget\" data-widget_type=\"image.default\">\n\t\t\t\t\t\t\t\t\t\t\t\t\t\t\t<img loading=\"lazy\" decoding=\"async\" width=\"650\" height=\"412\" src=\"https:\/\/avibrasaeroco.com\/wp-content\/uploads\/2026\/04\/skyfire.png\" class=\"attachment-full size-full wp-image-263\" alt=\"\" srcset=\"https:\/\/avibrasaeroco.com\/wp-content\/uploads\/2026\/04\/skyfire.png 650w, https:\/\/avibrasaeroco.com\/wp-content\/uploads\/2026\/04\/skyfire-300x190.png 300w\" sizes=\"(max-width: 650px) 100vw, 650px\" \/>\t\t\t\t\t\t\t\t\t\t\t\t\t\t\t<\/div>\n\t\t\t\t<\/div>\n\t\t\t\t<\/div>\n\t\t\t\t\t<\/div>\n\t\t\t\t<\/div>\n\t\t<div class=\"elementor-element elementor-element-7fe035b e-flex e-con-boxed e-con e-parent\" data-id=\"7fe035b\" data-element_type=\"container\" data-e-type=\"container\" data-settings=\"{&quot;background_background&quot;:&quot;classic&quot;}\">\n\t\t\t\t\t<div class=\"e-con-inner\">\n\t\t\t\t\t\t\t<h1 \n\t\tdata-interaction-id=\"e77f85c\" \n\t\tclass=\"h1 e-e77f85c-9f3442a e-heading-base\" \n\t\t \n\t\tdata-e-type=\"widget\" data-id=\"e77f85c\"\n\t>\n\t\n\t\t\tAir Defence\n\t\t<\/h1>\n\t\t\t\t<div class=\"elementor-element elementor-element-70070b9 e-con e-atomic-element e-flexbox-base e-70070b9-c842634\" data-id=\"70070b9\" data-element_type=\"e-flexbox\" data-e-type=\"e-flexbox\" data-interaction-id=\"70070b9\">\n\t\t\t\t<div class=\"elementor-element elementor-element-f87974d e-con e-atomic-element e-flexbox-base e-f87974d-bf60132\" data-id=\"f87974d\" data-element_type=\"e-flexbox\" data-e-type=\"e-flexbox\" data-interaction-id=\"f87974d\">\n\t\t\t\t<div class=\"elementor-element elementor-element-57eadc7 elementor-widget elementor-widget-image\" data-id=\"57eadc7\" data-element_type=\"widget\" data-e-type=\"widget\" data-widget_type=\"image.default\">\n\t\t\t\t\t\t\t\t\t\t\t\t\t\t\t<img loading=\"lazy\" decoding=\"async\" width=\"650\" height=\"412\" src=\"https:\/\/avibrasaeroco.com\/wp-content\/uploads\/2026\/04\/sistema-de-defesa-antiaerea.png\" class=\"attachment-full size-full wp-image-265\" alt=\"\" srcset=\"https:\/\/avibrasaeroco.com\/wp-content\/uploads\/2026\/04\/sistema-de-defesa-antiaerea.png 650w, https:\/\/avibrasaeroco.com\/wp-content\/uploads\/2026\/04\/sistema-de-defesa-antiaerea-300x190.png 300w\" sizes=\"(max-width: 650px) 100vw, 650px\" \/>\t\t\t\t\t\t\t\t\t\t\t\t\t\t\t<\/div>\n\t\t\t\t<\/div>\n\t\t\t\t<div class=\"elementor-element elementor-element-2a9fdce e-con e-atomic-element e-flexbox-base e-2a9fdce-d2f2330\" data-id=\"2a9fdce\" data-element_type=\"e-flexbox\" data-e-type=\"e-flexbox\" data-interaction-id=\"2a9fdce\">\n\t\t\t\t\t\t\t<h3 \n\t\tdata-interaction-id=\"3952134\" \n\t\tclass=\"h3-blocos e-3952134-fff999c e-heading-base\" \n\t\t \n\t\tdata-e-type=\"widget\" data-id=\"3952134\"\n\t>\n\t\n\t\t\tLow Altitude Air Defence System\n\t\t<\/h3>\n\t\t\t\t\t\t\t\t<p class=\"p-blocos e-paragraph-base\" data-interaction-id=\"4b136c6\"  data-e-type=\"widget\" data-id=\"4b136c6\">\n\t\t\t\t\t\t\t\tAvibras, in partnership with international companies, developed the FILA System for low-altitude air defence, integrating sensors, radars, and fire control systems capable of controlling cannons and missiles.\n\t\t\t\t\t<\/p>\n\t\t\t\t<\/div>\n\t\t\t\t<\/div>\n\t\t\t\t<div class=\"elementor-element elementor-element-003f953 e-con e-atomic-element e-flexbox-base e-003f953-8976a10\" data-id=\"003f953\" data-element_type=\"e-flexbox\" data-e-type=\"e-flexbox\" data-interaction-id=\"003f953\">\n\t\t\t\t<div class=\"elementor-element elementor-element-c81baa1 e-con e-atomic-element e-flexbox-base e-c81baa1-d739aad\" data-id=\"c81baa1\" data-element_type=\"e-flexbox\" data-e-type=\"e-flexbox\" data-interaction-id=\"c81baa1\">\n\t\t\t\t\t\t\t<h2 \n\t\tdata-interaction-id=\"05ea6c8\" \n\t\tclass=\"tit-blocos-home e-05ea6c8-d97ef94 e-heading-base\" \n\t\t \n\t\tdata-e-type=\"widget\" data-id=\"05ea6c8\"\n\t>\n\t\n\t\t\tLow Altitude Air Defence System\n\t\t<\/h2>\n\t\t\t\t\t\t\t\t<p class=\"p-blocos e-paragraph-base\" data-interaction-id=\"f3656a9\"  data-e-type=\"widget\" data-id=\"f3656a9\">\n\t\t\t\t\t\t\t\tIn cooperation with international partners, Avibras develops integrated medium-altitude air defence solutions, combining state-of-the-art missiles and radars for the defence of critical infrastructure and in the theatre of operations.\n\t\t\t\t\t<\/p>\n\t\t\t\t<\/div>\n\t\t\t\t<div class=\"elementor-element elementor-element-85443f1 e-con e-atomic-element e-flexbox-base e-85443f1-6d14083\" data-id=\"85443f1\" data-element_type=\"e-flexbox\" data-e-type=\"e-flexbox\" data-interaction-id=\"85443f1\">\n\t\t\t\t<div class=\"elementor-element elementor-element-ce95377 elementor-widget elementor-widget-image\" data-id=\"ce95377\" data-element_type=\"widget\" data-e-type=\"widget\" data-widget_type=\"image.default\">\n\t\t\t\t\t\t\t\t\t\t\t\t\t\t\t<img loading=\"lazy\" decoding=\"async\" width=\"650\" height=\"412\" src=\"https:\/\/avibrasaeroco.com\/wp-content\/uploads\/2026\/04\/defesa-antiaerea-media-altura.png\" class=\"attachment-full size-full wp-image-266\" alt=\"\" srcset=\"https:\/\/avibrasaeroco.com\/wp-content\/uploads\/2026\/04\/defesa-antiaerea-media-altura.png 650w, https:\/\/avibrasaeroco.com\/wp-content\/uploads\/2026\/04\/defesa-antiaerea-media-altura-300x190.png 300w\" sizes=\"(max-width: 650px) 100vw, 650px\" \/>\t\t\t\t\t\t\t\t\t\t\t\t\t\t\t<\/div>\n\t\t\t\t<\/div>\n\t\t\t\t<\/div>\n\t\t\t\t\t<\/div>\n\t\t\t\t<\/div>\n\t\t<div class=\"elementor-element elementor-element-d7aee5d e-flex e-con-boxed e-con e-parent\" data-id=\"d7aee5d\" data-element_type=\"container\" data-e-type=\"container\">\n\t\t\t\t\t<div class=\"e-con-inner\">\n\t\t\t\t\t\t\t<h2 \n\t\tdata-interaction-id=\"79716a1\" \n\t\tclass=\"h2-geral e-79716a1-46ab6d1 e-heading-base\" \n\t\t \n\t\tdata-e-type=\"widget\" data-id=\"79716a1\"\n\t>\n\t\n\t\t\tContact our Sales Team\n\t\t<\/h2>\n\t\t\t\t<div class=\"elementor-element elementor-element-2198e28 e-con e-atomic-element e-flexbox-base e-2198e28-5728d8d\" data-id=\"2198e28\" data-element_type=\"e-flexbox\" data-e-type=\"e-flexbox\" data-interaction-id=\"2198e28\">\n\t\t\t\t<div class=\"elementor-element elementor-element-8fcdc22 e-con e-atomic-element e-flexbox-base e-8fcdc22-7d2fa36\" data-id=\"8fcdc22\" data-element_type=\"e-flexbox\" data-e-type=\"e-flexbox\" data-interaction-id=\"8fcdc22\">\n\t\t\t\t\t\t\t\t<p class=\"e-paragraph-base\" data-interaction-id=\"a6d8bee\"  data-e-type=\"widget\" data-id=\"a6d8bee\">\n\t\t\t\t\t\t\t\t<strong id=\"e-mohi8cc0-kxqexl4\">Nacional Sales<\/strong><br><a target=\"_blank\" href=\"mailto:comercialnacional@avibrasaeroco.com.br\" id=\"e-mohi8cc0-crsves1\"><u id=\"e-mohi8cc0-c3yzczt\">comercialnacional@avibrasaeroco.com<\/u><\/a>\n\t\t\t\t\t<\/p>\n\t\t\t\t<\/div>\n\t\t\t\t<div class=\"elementor-element elementor-element-1ae0a51 e-con e-atomic-element e-flexbox-base e-1ae0a51-b7d8a80\" data-id=\"1ae0a51\" data-element_type=\"e-flexbox\" data-e-type=\"e-flexbox\" data-interaction-id=\"1ae0a51\">\n\t\t\t\t\t\t\t\t<p class=\"e-paragraph-base\" data-interaction-id=\"d325b1f\"  data-e-type=\"widget\" data-id=\"d325b1f\">\n\t\t\t\t\t\t\t\t<strong id=\"e-mohiafpf-437ldbo\">International Sales<\/strong><br><a target=\"_blank\" href=\"mailto:govsales@avibrasaeroco.com.br\" id=\"e-mohiafpf-xa1nmrl\"><u id=\"e-mohiafpf-eyir065\">govsales@avibrasaeroco.com<\/u><\/a><u id=\"e-mohiafpf-qq0wdcz\"> <\/u>\n\t\t\t\t\t<\/p>\n\t\t\t\t<\/div>\n\t\t\t\t<\/div>\n\t\t\t\t\t<\/div>\n\t\t\t\t<\/div>\n\t\t\t\t<\/div>","protected":false},"excerpt":{"rendered":"<p>Sistemas Estrat\u00e9gicos de Defesa Tecnologia, precis\u00e3o e robustez para miss\u00f5es cr\u00edticas ASTROS Um sistema, m\u00faltiplas miss\u00f5es Refer\u00eancia mundial em sua classe, o ASTROS \u00e9 o Sistema de Foguetes e M\u00edsseis de Artilharia terra-terra mais flex\u00edvel em opera\u00e7\u00e3o, provado em combate em diversas ocasi\u00f5es. \u00c9 o \u00fanico Sistema capaz de lan\u00e7ar foguetes, m\u00edsseis bal\u00edsticos e m\u00edsseis [&hellip;]<\/p>\n","protected":false},"author":1,"featured_media":0,"parent":0,"menu_order":0,"comment_status":"closed","ping_status":"closed","template":"","meta":{"footnotes":""},"class_list":["post-250","page","type-page","status-publish","hentry"],"_links":{"self":[{"href":"https:\/\/avibrasaeroco.com\/en\/wp-json\/wp\/v2\/pages\/250","targetHints":{"allow":["GET"]}}],"collection":[{"href":"https:\/\/avibrasaeroco.com\/en\/wp-json\/wp\/v2\/pages"}],"about":[{"href":"https:\/\/avibrasaeroco.com\/en\/wp-json\/wp\/v2\/types\/page"}],"author":[{"embeddable":true,"href":"https:\/\/avibrasaeroco.com\/en\/wp-json\/wp\/v2\/users\/1"}],"replies":[{"embeddable":true,"href":"https:\/\/avibrasaeroco.com\/en\/wp-json\/wp\/v2\/comments?post=250"}],"version-history":[{"count":46,"href":"https:\/\/avibrasaeroco.com\/en\/wp-json\/wp\/v2\/pages\/250\/revisions"}],"predecessor-version":[{"id":799,"href":"https:\/\/avibrasaeroco.com\/en\/wp-json\/wp\/v2\/pages\/250\/revisions\/799"}],"wp:attachment":[{"href":"https:\/\/avibrasaeroco.com\/en\/wp-json\/wp\/v2\/media?parent=250"}],"curies":[{"name":"wp","href":"https:\/\/api.w.org\/{rel}","templated":true}]}}