{"id":270,"date":"2026-04-27T18:40:54","date_gmt":"2026-04-27T18:40:54","guid":{"rendered":"https:\/\/avibrasaeroco.com\/?page_id=270"},"modified":"2026-05-11T17:30:56","modified_gmt":"2026-05-11T17:30:56","slug":"espaco","status":"publish","type":"page","link":"https:\/\/avibrasaeroco.com\/en\/espaco\/","title":{"rendered":"Space"},"content":{"rendered":"<div data-elementor-type=\"wp-page\" data-elementor-id=\"270\" class=\"elementor elementor-270\" data-elementor-post-type=\"page\">\n\t\t\t\t<div class=\"elementor-element elementor-element-449dc41 e-flex e-con-boxed e-con e-parent\" data-id=\"449dc41\" data-element_type=\"container\" data-e-type=\"container\" data-settings=\"{&quot;background_background&quot;:&quot;video&quot;,&quot;background_video_link&quot;:&quot;https:\\\/\\\/avibrasaeroco.com\\\/wp-content\\\/uploads\\\/2026\\\/05\\\/HERO-SECTION-SPACE-BRUTO-80-OPACIDADE-REV.mp4&quot;,&quot;background_play_on_mobile&quot;:&quot;yes&quot;}\">\n\t\t\t\t\t<div class=\"e-con-inner\">\n\t\t<div class=\"elementor-background-video-container\">\n\t\t\t\t\t\t\t<video class=\"elementor-background-video-hosted\" role=\"presentation\" autoplay muted playsinline loop><\/video>\n\t\t\t\t\t<\/div>\t\t<section class=\"elementor-element elementor-element-0adeaca e-con e-atomic-element e-flexbox-base e-0adeaca-ec3ec92\" data-id=\"0adeaca\" data-element_type=\"e-flexbox\" data-e-type=\"e-flexbox\" data-interaction-id=\"0adeaca\">\n\t\t\t\t\t\t\t<h1 \n\t\tdata-interaction-id=\"5ca660b\" \n\t\tclass=\"e-5ca660b-5271c64 tit-over-video e-heading-base\" \n\t\t \n\t\tdata-e-type=\"widget\" data-id=\"5ca660b\"\n\t>\n\t\n\t\t\tStrategic Space Solutions\n\t\t<\/h1>\n\t\t\t\t<\/section>\n\t\t\t\t\t<\/div>\n\t\t\t\t<\/div>\n\t\t<div class=\"elementor-element elementor-element-b442251 e-flex e-con-boxed e-con e-parent\" data-id=\"b442251\" data-element_type=\"container\" data-e-type=\"container\" id=\"missao\" data-settings=\"{&quot;background_background&quot;:&quot;classic&quot;}\">\n\t\t\t\t\t<div class=\"e-con-inner\">\n\t\t\t\t<div class=\"elementor-element elementor-element-b76ba45 e-con e-atomic-element e-flexbox-base e-b76ba45-55f5951\" data-id=\"b76ba45\" data-element_type=\"e-flexbox\" data-e-type=\"e-flexbox\" data-interaction-id=\"b76ba45\">\n\t\t\t\t<div class=\"elementor-element elementor-element-481a3b1 e-con e-atomic-element e-flexbox-base e-481a3b1-5e91ce0\" data-id=\"481a3b1\" data-element_type=\"e-flexbox\" data-e-type=\"e-flexbox\" data-interaction-id=\"481a3b1\">\n\t\t\t\t\t\t\t<h2 \n\t\tdata-interaction-id=\"3d5cb6b\" \n\t\tclass=\"h3-blocos e-heading-base\" \n\t\t \n\t\tdata-e-type=\"widget\" data-id=\"3d5cb6b\"\n\t>\n\t\n\t\t\tExpertise in Propulsion and Launchers\n\t\t<\/h2>\n\t\t\t\t\t\t\t\t<p class=\"p-blocos e-paragraph-base\" data-interaction-id=\"30992cd\"  data-e-type=\"widget\" data-id=\"30992cd\">\n\t\t\t\t\t\t\t\tAvibras Aeroco provides technological solutions for the civil space sector, supplying suborbital vehicles, rocket engines, propulsion systems, electronics, and embedded software.<br><br>With proven industrial and operational capabilities at the Alc\u00e2ntara (CLA) and Barreira do Inferno (CLBI) launch centers, Brazil\u2019s main space infrastructures, the company stands out as a private integrator of launchers and rockets within the Brazilian Space Program, contributing to the strengthening of national technological autonomy in the space sector.\n\t\t\t\t\t<\/p>\n\t\t\t\t<\/div>\n\t\t\t\t<div class=\"elementor-element elementor-element-68772db e-con e-atomic-element e-flexbox-base e-68772db-c46c68d\" data-id=\"68772db\" data-element_type=\"e-flexbox\" data-e-type=\"e-flexbox\" data-interaction-id=\"68772db\">\n\t\t\t\t<div class=\"elementor-element elementor-element-3eb01d6 elementor-widget elementor-widget-image\" data-id=\"3eb01d6\" data-element_type=\"widget\" data-e-type=\"widget\" data-widget_type=\"image.default\">\n\t\t\t\t\t\t\t\t\t\t\t\t\t\t\t<img fetchpriority=\"high\" decoding=\"async\" width=\"656\" height=\"400\" src=\"https:\/\/avibrasaeroco.com\/wp-content\/uploads\/2026\/04\/propulsao-e-lancadores.png\" class=\"attachment-full size-full wp-image-274\" alt=\"\" srcset=\"https:\/\/avibrasaeroco.com\/wp-content\/uploads\/2026\/04\/propulsao-e-lancadores.png 656w, https:\/\/avibrasaeroco.com\/wp-content\/uploads\/2026\/04\/propulsao-e-lancadores-300x183.png 300w\" sizes=\"(max-width: 656px) 100vw, 656px\" \/>\t\t\t\t\t\t\t\t\t\t\t\t\t\t\t<\/div>\n\t\t\t\t<\/div>\n\t\t\t\t<\/div>\n\t\t\t\t<div class=\"elementor-element elementor-element-f1cbe48 e-con e-atomic-element e-flexbox-base e-f1cbe48-6e61207\" data-id=\"f1cbe48\" data-element_type=\"e-flexbox\" data-e-type=\"e-flexbox\" data-interaction-id=\"f1cbe48\">\n\t\t\t\t<div class=\"elementor-element elementor-element-92dcee4 e-con e-atomic-element e-flexbox-base e-92dcee4-12407bd\" data-id=\"92dcee4\" data-element_type=\"e-flexbox\" data-e-type=\"e-flexbox\" data-interaction-id=\"92dcee4\">\n\t\t\t\t<div class=\"elementor-element elementor-element-118cb75 elementor-widget elementor-widget-image\" data-id=\"118cb75\" data-element_type=\"widget\" data-e-type=\"widget\" data-widget_type=\"image.default\">\n\t\t\t\t\t\t\t\t\t\t\t\t\t\t\t<img decoding=\"async\" width=\"656\" height=\"400\" src=\"https:\/\/avibrasaeroco.com\/wp-content\/uploads\/2026\/04\/foguetes-treinamento.png\" class=\"attachment-full size-full wp-image-275\" alt=\"\" srcset=\"https:\/\/avibrasaeroco.com\/wp-content\/uploads\/2026\/04\/foguetes-treinamento.png 656w, https:\/\/avibrasaeroco.com\/wp-content\/uploads\/2026\/04\/foguetes-treinamento-300x183.png 300w\" sizes=\"(max-width: 656px) 100vw, 656px\" \/>\t\t\t\t\t\t\t\t\t\t\t\t\t\t\t<\/div>\n\t\t\t\t<\/div>\n\t\t\t\t<div class=\"elementor-element elementor-element-5ab72a8 e-con e-atomic-element e-flexbox-base e-5ab72a8-8e89cdd\" data-id=\"5ab72a8\" data-element_type=\"e-flexbox\" data-e-type=\"e-flexbox\" data-interaction-id=\"5ab72a8\">\n\t\t\t\t\t\t\t<h3 \n\t\tdata-interaction-id=\"c58484e\" \n\t\tclass=\"h3-blocos e-heading-base\" \n\t\t \n\t\tdata-e-type=\"widget\" data-id=\"c58484e\"\n\t>\n\t\n\t\t\tTraining Rockets\n\t\t<\/h3>\n\t\t\t\t\t\t\t\t<p class=\"p-blocos e-paragraph-base\" data-interaction-id=\"f48abce\"  data-e-type=\"widget\" data-id=\"f48abce\">\n\t\t\t\t\t\t\t\tThe AV-FTI and AV-FTB Training Rockets are single-stage vehicles developed for operational training at launch centres, equipped with S-band telemetry systems for conducting scientific and technological experiments. Launches are carried out regularly from the Barreira do Inferno Launch Centre (CLBI) in Rio Grande do Norte and the Alc\u00e2ntara Launch Centre (CLA) in Maranh\u00e3o.\n\t\t\t\t\t<\/p>\n\t\t\t\t<\/div>\n\t\t\t\t<\/div>\n\t\t\t\t\t<\/div>\n\t\t\t\t<\/div>\n\t\t<div class=\"elementor-element elementor-element-3cfbf68 e-flex e-con-boxed e-con e-parent\" data-id=\"3cfbf68\" data-element_type=\"container\" data-e-type=\"container\" id=\"inovacao\">\n\t\t\t\t\t<div class=\"e-con-inner\">\n\t\t\t\t<div class=\"elementor-element elementor-element-3667b44 e-con e-atomic-element e-flexbox-base e-3667b44-457dfd1\" data-id=\"3667b44\" data-element_type=\"e-flexbox\" data-e-type=\"e-flexbox\" data-interaction-id=\"3667b44\">\n\t\t\t\t<div class=\"elementor-element elementor-element-9d33b69 e-con e-atomic-element e-flexbox-base e-9d33b69-f5e8dab\" data-id=\"9d33b69\" data-element_type=\"e-flexbox\" data-e-type=\"e-flexbox\" data-interaction-id=\"9d33b69\">\n\t\t\t\t\t\t\t<h2 \n\t\tdata-interaction-id=\"720bdca\" \n\t\tclass=\"h2-geral e-720bdca-266609e e-heading-base\" \n\t\t \n\t\tdata-e-type=\"widget\" data-id=\"720bdca\"\n\t>\n\t\n\t\t\tSolid Rocket Motors (SRM)\n\t\t<\/h2>\n\t\t\t\t<\/div>\n\t\t\t\t<div class=\"elementor-element elementor-element-f05e99a e-con e-atomic-element e-flexbox-base e-f05e99a-05b4ada\" data-id=\"f05e99a\" data-element_type=\"e-flexbox\" data-e-type=\"e-flexbox\" data-interaction-id=\"f05e99a\">\n\t\t\t\t\t\t\t\t<p class=\"e-paragraph-base\" data-interaction-id=\"09bbe71\"  data-e-type=\"widget\" data-id=\"09bbe71\">\n\t\t\t\t\t\t\t\tAvibras Aeroco is a benchmark in the development and manufacture of solid-propellant rocket motors, with extensive industrial experience and a portfolio of flight-qualified products. Its propulsion systems meet the highest standards of performance, reliability and safety, and are available for delivery within competitive timeframes.<br><br>The line includes engines with different diameters, metal or composite structures, varied propellant loads and thrust levels suitable for suborbital and space applications.<br><br>In addition to its consolidated portfolio, Avibras offers engineering capabilities for the development of tailor-made solutions, sized according to the specific performance, mission and integration requirements defined by the customer. \n\t\t\t\t\t<\/p>\n\t\t\t\t<\/div>\n\t\t\t\t<\/div>\n\t\t\t\t\t<\/div>\n\t\t\t\t<\/div>\n\t\t<div class=\"elementor-element elementor-element-946531d e-flex e-con-boxed e-con e-parent\" data-id=\"946531d\" data-element_type=\"container\" data-e-type=\"container\">\n\t\t\t\t\t<div class=\"e-con-inner\">\n\t\t\t\t<div class=\"elementor-element elementor-element-e7b198a e-con e-atomic-element e-flexbox-base e-e7b198a-7864aa8\" data-id=\"e7b198a\" data-element_type=\"e-flexbox\" data-e-type=\"e-flexbox\" data-interaction-id=\"e7b198a\">\n\t\t\t\t<div class=\"elementor-element elementor-element-cf051e2 e-con e-atomic-element e-flexbox-base e-cf051e2-506e888\" data-id=\"cf051e2\" data-element_type=\"e-flexbox\" data-e-type=\"e-flexbox\" data-interaction-id=\"cf051e2\">\n\t\t\t\t\t\t\t<h3 \n\t\tdata-interaction-id=\"8e50ae8\" \n\t\tclass=\"h3 e-heading-base\" \n\t\t \n\t\tdata-e-type=\"widget\" data-id=\"8e50ae8\"\n\t>\n\t\n\t\t\tS50 Solid Rocket Motor\n\t\t<\/h3>\n\t\t\t\t\t\t\t\t<p class=\"e-paragraph-base\" data-interaction-id=\"a98533d\"  data-e-type=\"widget\" data-id=\"a98533d\">\n\t\t\t\t\t\t\t\tThe S50 is a solid-propellant rocket motor currently under development for space applications in civil launch vehicles, such as the VLM-1, and suborbital platforms, such as the VS-50. Measuring 1.5 metres in diameter and 5.5 metres in length, the engine has a carbon fibre reinforced polymer (CFRP) structure, providing high structural efficiency and reduced mass.\n\t\t\t\t\t<\/p>\n\t\t\t\t<\/div>\n\t\t\t\t<div class=\"elementor-element elementor-element-75e5135 e-con e-atomic-element e-flexbox-base e-75e5135-d757ed8\" data-id=\"75e5135\" data-element_type=\"e-flexbox\" data-e-type=\"e-flexbox\" data-interaction-id=\"75e5135\">\n\t\t\t\t\t\t\t\n\t\t\t<img class=\"e-image-base e-10aae33-d1595fa\" \n\t\t\t\t\tdata-interaction-id=\"10aae33\" \n\t\t \n\t\t data-e-type=\"widget\" data-id=\"10aae33\"\n\t\t\t\t\t\t\t\t\tid=\"276\"\n\t\t\t\t\t\t\t\t\t\t\t\tsrc=\"https:\/\/avibrasaeroco.com\/wp-content\/uploads\/2026\/04\/propulsor-solido-s50.png\"\n\t\t\t\t\t\t\t\t\t\t\t\twidth=\"524\"\n\t\t\t\t\t\t\t\t\t\t\t\theight=\"240\"\n\t\t\t\t\t\t\t\t\t\t\t\tsrcset=\"https:\/\/avibrasaeroco.com\/wp-content\/uploads\/2026\/04\/propulsor-solido-s50.png 524w, https:\/\/avibrasaeroco.com\/wp-content\/uploads\/2026\/04\/propulsor-solido-s50-300x137.png 300w\"\n\t\t\t\t\t\t\t\t\t\t\t\talt=\"\"\n\t\t\t\t\t\t\/>\n\t\t\t\t\t<\/div>\n\t\t\t\t<\/div>\n\t\t\t\t<div class=\"elementor-element elementor-element-bb76f38 e-con e-atomic-element e-flexbox-base e-bb76f38-361cde3\" data-id=\"bb76f38\" data-element_type=\"e-flexbox\" data-e-type=\"e-flexbox\" data-interaction-id=\"bb76f38\">\n\t\t\t\t<div class=\"elementor-element elementor-element-9932e9a e-con e-atomic-element e-flexbox-base e-9932e9a-c2940c5\" data-id=\"9932e9a\" data-element_type=\"e-flexbox\" data-e-type=\"e-flexbox\" data-interaction-id=\"9932e9a\">\n\t\t\t\t\t\t\t\n\t\t\t<img class=\"e-image-base e-f5bfcdd-e843c81\" \n\t\t\t\t\tdata-interaction-id=\"f5bfcdd\" \n\t\t \n\t\t data-e-type=\"widget\" data-id=\"f5bfcdd\"\n\t\t\t\t\t\t\t\t\tid=\"277\"\n\t\t\t\t\t\t\t\t\t\t\t\tsrc=\"https:\/\/avibrasaeroco.com\/wp-content\/uploads\/2026\/04\/insumos-estrategicos.png\"\n\t\t\t\t\t\t\t\t\t\t\t\twidth=\"524\"\n\t\t\t\t\t\t\t\t\t\t\t\theight=\"288\"\n\t\t\t\t\t\t\t\t\t\t\t\tsrcset=\"https:\/\/avibrasaeroco.com\/wp-content\/uploads\/2026\/04\/insumos-estrategicos.png 524w, https:\/\/avibrasaeroco.com\/wp-content\/uploads\/2026\/04\/insumos-estrategicos-300x165.png 300w\"\n\t\t\t\t\t\t\t\t\t\t\t\talt=\"\"\n\t\t\t\t\t\t\/>\n\t\t\t\t\t<\/div>\n\t\t\t\t<div class=\"elementor-element elementor-element-20edef9 e-con e-atomic-element e-flexbox-base e-20edef9-18d130b\" data-id=\"20edef9\" data-element_type=\"e-flexbox\" data-e-type=\"e-flexbox\" data-interaction-id=\"20edef9\">\n\t\t\t\t\t\t\t<h3 \n\t\tdata-interaction-id=\"c3a37eb\" \n\t\tclass=\"h3 e-heading-base\" \n\t\t \n\t\tdata-e-type=\"widget\" data-id=\"c3a37eb\"\n\t>\n\t\n\t\t\tStrategic Inputs for Solid Propellants\n\t\t<\/h3>\n\t\t\t\t\t\t\t<h4 \n\t\tdata-interaction-id=\"4e0cb3e\" \n\t\tclass=\"h4 e-heading-base\" \n\t\t \n\t\tdata-e-type=\"widget\" data-id=\"4e0cb3e\"\n\t>\n\t\n\t\t\tAmmonium Perchlorate\n\t\t<\/h4>\n\t\t\t\t\t\t\t\t<p class=\"e-paragraph-base\" data-interaction-id=\"8de5d81\"  data-e-type=\"widget\" data-id=\"8de5d81\">\n\t\t\t\t\t\t\t\tAmmonium perchlorate (PCA) is supplied in different grain sizes (fine, medium, and coarse) and is an essential and strategic input for the manufacture of composite solid propellants used in rockets.<br><br>It is also widely used in the production of industrial explosives for civil applications, such as mining and engineering works, meeting high standards of quality and performance.\n\t\t\t\t\t<\/p>\n\t\t\t\t<\/div>\n\t\t\t\t<\/div>\n\t\t\t\t<div class=\"elementor-element elementor-element-884d266 e-con e-atomic-element e-flexbox-base e-884d266-dc8299c\" data-id=\"884d266\" data-element_type=\"e-flexbox\" data-e-type=\"e-flexbox\" data-interaction-id=\"884d266\">\n\t\t\t\t<div class=\"elementor-element elementor-element-f2b0c51 e-con e-atomic-element e-flexbox-base e-f2b0c51-1d75502\" data-id=\"f2b0c51\" data-element_type=\"e-flexbox\" data-e-type=\"e-flexbox\" data-interaction-id=\"f2b0c51\">\n\t\t\t\t\t\t\t<h3 \n\t\tdata-interaction-id=\"6572aa0\" \n\t\tclass=\"h3 e-heading-base\" \n\t\t \n\t\tdata-e-type=\"widget\" data-id=\"6572aa0\"\n\t>\n\t\n\t\t\tHydroxyl-Terminated Polybutadiene (HTPB)\n\t\t<\/h3>\n\t\t\t\t\t\t\t\t<p class=\"e-paragraph-base\" data-interaction-id=\"96d6de2\"  data-e-type=\"widget\" data-id=\"96d6de2\">\n\t\t\t\t\t\t\t\tPolymeric resin based on hydroxyl-terminated polybutadiene (HTPB), used as a binder in the formulation of composite solid propellants for rockets. The material provides mechanical properties, stability, and energetic performance suitable for solid propulsion systems and other specialized industrial applications.\n\t\t\t\t\t<\/p>\n\t\t\t\t<\/div>\n\t\t\t\t<div class=\"elementor-element elementor-element-7b9ad58 e-con e-atomic-element e-flexbox-base e-7b9ad58-66dbcec\" data-id=\"7b9ad58\" data-element_type=\"e-flexbox\" data-e-type=\"e-flexbox\" data-interaction-id=\"7b9ad58\">\n\t\t\t\t\t\t\t\n\t\t\t<img class=\"e-image-base e-c0e0d45-7c47f48\" \n\t\t\t\t\tdata-interaction-id=\"c0e0d45\" \n\t\t \n\t\t data-e-type=\"widget\" data-id=\"c0e0d45\"\n\t\t\t\t\t\t\t\t\tid=\"281\"\n\t\t\t\t\t\t\t\t\t\t\t\tsrc=\"https:\/\/avibrasaeroco.com\/wp-content\/uploads\/2026\/04\/pbht.png\"\n\t\t\t\t\t\t\t\t\t\t\t\twidth=\"526\"\n\t\t\t\t\t\t\t\t\t\t\t\theight=\"240\"\n\t\t\t\t\t\t\t\t\t\t\t\tsrcset=\"https:\/\/avibrasaeroco.com\/wp-content\/uploads\/2026\/04\/pbht.png 526w, https:\/\/avibrasaeroco.com\/wp-content\/uploads\/2026\/04\/pbht-300x137.png 300w\"\n\t\t\t\t\t\t\t\t\t\t\t\talt=\"\"\n\t\t\t\t\t\t\/>\n\t\t\t\t\t<\/div>\n\t\t\t\t<\/div>\n\t\t\t\t\t<\/div>\n\t\t\t\t<\/div>\n\t\t\t\t<\/div>","protected":false},"excerpt":{"rendered":"<p>Solu\u00e7\u00f5es Espaciais Estrat\u00e9gicas Dom\u00ednio em propuls\u00e3o e lan\u00e7adores A Avibras Aeroco oferece solu\u00e7\u00f5es tecnol\u00f3gicas para o setor espacial civil, atuando no fornecimento de ve\u00edculos suborbitais, motores-foguete, sistemas de propuls\u00e3o, eletr\u00f4nica e software embarcado. Com capacidade industrial e operacional comprovada nos centros de lan\u00e7amento de Alc\u00e2ntara (CLA) e da Barreira do Inferno (CLBI), principais infraestruturas espaciais [&hellip;]<\/p>\n","protected":false},"author":1,"featured_media":0,"parent":0,"menu_order":0,"comment_status":"closed","ping_status":"closed","template":"","meta":{"footnotes":""},"class_list":["post-270","page","type-page","status-publish","hentry"],"_links":{"self":[{"href":"https:\/\/avibrasaeroco.com\/en\/wp-json\/wp\/v2\/pages\/270","targetHints":{"allow":["GET"]}}],"collection":[{"href":"https:\/\/avibrasaeroco.com\/en\/wp-json\/wp\/v2\/pages"}],"about":[{"href":"https:\/\/avibrasaeroco.com\/en\/wp-json\/wp\/v2\/types\/page"}],"author":[{"embeddable":true,"href":"https:\/\/avibrasaeroco.com\/en\/wp-json\/wp\/v2\/users\/1"}],"replies":[{"embeddable":true,"href":"https:\/\/avibrasaeroco.com\/en\/wp-json\/wp\/v2\/comments?post=270"}],"version-history":[{"count":25,"href":"https:\/\/avibrasaeroco.com\/en\/wp-json\/wp\/v2\/pages\/270\/revisions"}],"predecessor-version":[{"id":810,"href":"https:\/\/avibrasaeroco.com\/en\/wp-json\/wp\/v2\/pages\/270\/revisions\/810"}],"wp:attachment":[{"href":"https:\/\/avibrasaeroco.com\/en\/wp-json\/wp\/v2\/media?parent=270"}],"curies":[{"name":"wp","href":"https:\/\/api.w.org\/{rel}","templated":true}]}}