{"id":288,"date":"2026-04-28T13:30:23","date_gmt":"2026-04-28T13:30:23","guid":{"rendered":"https:\/\/avibrasaeroco.com\/?page_id=288"},"modified":"2026-05-11T17:31:02","modified_gmt":"2026-05-11T17:31:02","slug":"excelencia-operacional","status":"publish","type":"page","link":"https:\/\/avibrasaeroco.com\/en\/excelencia-operacional\/","title":{"rendered":"Operational Excellence"},"content":{"rendered":"<div data-elementor-type=\"wp-page\" data-elementor-id=\"288\" class=\"elementor elementor-288\" data-elementor-post-type=\"page\">\n\t\t\t\t<div class=\"elementor-element elementor-element-449dc41 e-flex e-con-boxed e-con e-parent\" data-id=\"449dc41\" data-element_type=\"container\" data-e-type=\"container\" data-settings=\"{&quot;background_background&quot;:&quot;video&quot;,&quot;background_video_link&quot;:&quot;https:\\\/\\\/avibrasaeroco.com\\\/wp-content\\\/uploads\\\/2026\\\/04\\\/HERO-SECTION-EXCELENCIA-OPERACIONAL-80-OPACIDADE.mp4&quot;,&quot;background_play_on_mobile&quot;:&quot;yes&quot;}\">\n\t\t\t\t\t<div class=\"e-con-inner\">\n\t\t<div class=\"elementor-background-video-container\">\n\t\t\t\t\t\t\t<video class=\"elementor-background-video-hosted\" role=\"presentation\" autoplay muted playsinline loop><\/video>\n\t\t\t\t\t<\/div>\t\t<section class=\"elementor-element elementor-element-0adeaca e-con e-atomic-element e-flexbox-base e-0adeaca-ec3ec92\" data-id=\"0adeaca\" data-element_type=\"e-flexbox\" data-e-type=\"e-flexbox\" data-interaction-id=\"0adeaca\">\n\t\t\t\t\t\t\t<h1 \n\t\tdata-interaction-id=\"5ca660b\" \n\t\tclass=\"e-5ca660b-5271c64 tit-over-video e-heading-base translation-block\" \n\t\t \n\t\tdata-e-type=\"widget\" data-id=\"5ca660b\"\n\t>Certified Quality to Global Standards<\/h1>\n\t\t\t\t<\/section>\n\t\t\t\t\t<\/div>\n\t\t\t\t<\/div>\n\t\t<div class=\"elementor-element elementor-element-9710f8a e-flex e-con-boxed e-con e-parent\" data-id=\"9710f8a\" data-element_type=\"container\" data-e-type=\"container\" id=\"quemsomos\">\n\t\t\t\t\t<div class=\"e-con-inner\">\n\t\t\t\t<div class=\"elementor-element elementor-element-184c2b1 e-con e-atomic-element e-flexbox-base e-184c2b1-39dd7c0\" data-id=\"184c2b1\" data-element_type=\"e-flexbox\" data-e-type=\"e-flexbox\" data-interaction-id=\"184c2b1\">\n\t\t\t\t\t\t\t<h2 \n\t\tdata-interaction-id=\"a87a9c3\" \n\t\tclass=\"h2-geral e-heading-base\" \n\t\t \n\t\tdata-e-type=\"widget\" data-id=\"a87a9c3\"\n\t>\n\t\n\t\t\tMeeting the most stringent requirements of the aerospace and defence industry\n\t\t<\/h2>\n\t\t\t\t\t\t\t\t<p class=\"e-paragraph-base\" data-interaction-id=\"fd60db2\"  data-e-type=\"widget\" data-id=\"fd60db2\">\n\t\t\t\t\t\t\t\tWith a constant focus on the needs and expectations of its customers, Avibras Aeroco conducts its operations guided by quality, reliability, and the continuous improvement of its processes, products, and services.<br><br>The company maintains a structured Quality Management System, recognized both nationally and internationally, supported by certification bodies accredited in Brazil and abroad, including entities endorsed by the Armed Forces and by institutions dedicated to metrology and quality.<br><br>This recognition places Avibras Aeroco among the organizations capable of meeting the most stringent requirements of the aerospace and defense sectors. Its management model is based on principles such as customer focus, active leadership, team engagement, a process-based approach, continuous improvement, evidence-based decision-making, and strategic relationship management.<br><br>All activities are carried out in compliance with national and international technical standards widely adopted by the industry, ensuring consistency, traceability, and high operational performance.<br><br>The robustness of the Quality Management System reinforces the company\u2019s commitment to integrity, safety, and the delivery of solutions aligned with the highest standards of the global market.\n\t\t\t\t\t<\/p>\n\t\t\t\t<\/div>\n\t\t\t\t<div class=\"elementor-element elementor-element-0419ae5 e-con e-atomic-element e-flexbox-base e-0419ae5-44167b9\" data-id=\"0419ae5\" data-element_type=\"e-flexbox\" data-e-type=\"e-flexbox\" data-interaction-id=\"0419ae5\">\n\t\t\t\t<div class=\"elementor-element elementor-element-bb47096 elementor-widget elementor-widget-image\" data-id=\"bb47096\" data-element_type=\"widget\" data-e-type=\"widget\" data-widget_type=\"image.default\">\n\t\t\t\t\t\t\t\t\t\t\t\t\t\t\t<img fetchpriority=\"high\" decoding=\"async\" width=\"560\" height=\"668\" src=\"https:\/\/avibrasaeroco.com\/wp-content\/uploads\/2026\/04\/qualidade-certificada-avibras.png\" class=\"attachment-full size-full wp-image-291\" alt=\"\" srcset=\"https:\/\/avibrasaeroco.com\/wp-content\/uploads\/2026\/04\/qualidade-certificada-avibras.png 560w, https:\/\/avibrasaeroco.com\/wp-content\/uploads\/2026\/04\/qualidade-certificada-avibras-251x300.png 251w\" sizes=\"(max-width: 560px) 100vw, 560px\" \/>\t\t\t\t\t\t\t\t\t\t\t\t\t\t\t<\/div>\n\t\t\t\t<\/div>\n\t\t\t\t\t<\/div>\n\t\t\t\t<\/div>\n\t\t\t\t<\/div>","protected":false},"excerpt":{"rendered":"<p>Qualidade certificada em padr\u00f5es globais Atendimento aos mais rigorosos requisitos da ind\u00fastria aeroespacial e de defesa Com foco permanente nas necessidades e expectativas dos clientes, a Avibras Aeroco orienta suas opera\u00e7\u00f5es pela qualidade, pela confiabilidade e pela evolu\u00e7\u00e3o cont\u00ednua de seus processos, produtos e servi\u00e7os. A companhia mant\u00e9m um Sistema de Gest\u00e3o da Qualidade estruturado [&hellip;]<\/p>\n","protected":false},"author":1,"featured_media":0,"parent":0,"menu_order":0,"comment_status":"closed","ping_status":"closed","template":"","meta":{"footnotes":""},"class_list":["post-288","page","type-page","status-publish","hentry"],"_links":{"self":[{"href":"https:\/\/avibrasaeroco.com\/en\/wp-json\/wp\/v2\/pages\/288","targetHints":{"allow":["GET"]}}],"collection":[{"href":"https:\/\/avibrasaeroco.com\/en\/wp-json\/wp\/v2\/pages"}],"about":[{"href":"https:\/\/avibrasaeroco.com\/en\/wp-json\/wp\/v2\/types\/page"}],"author":[{"embeddable":true,"href":"https:\/\/avibrasaeroco.com\/en\/wp-json\/wp\/v2\/users\/1"}],"replies":[{"embeddable":true,"href":"https:\/\/avibrasaeroco.com\/en\/wp-json\/wp\/v2\/comments?post=288"}],"version-history":[{"count":7,"href":"https:\/\/avibrasaeroco.com\/en\/wp-json\/wp\/v2\/pages\/288\/revisions"}],"predecessor-version":[{"id":731,"href":"https:\/\/avibrasaeroco.com\/en\/wp-json\/wp\/v2\/pages\/288\/revisions\/731"}],"wp:attachment":[{"href":"https:\/\/avibrasaeroco.com\/en\/wp-json\/wp\/v2\/media?parent=288"}],"curies":[{"name":"wp","href":"https:\/\/api.w.org\/{rel}","templated":true}]}}