{"id":296,"date":"2026-04-28T13:48:40","date_gmt":"2026-04-28T13:48:40","guid":{"rendered":"https:\/\/avibrasaeroco.com\/?page_id=296"},"modified":"2026-05-11T17:31:45","modified_gmt":"2026-05-11T17:31:45","slug":"presenca-no-cliente","status":"publish","type":"page","link":"https:\/\/avibrasaeroco.com\/en\/presenca-no-cliente\/","title":{"rendered":"Customer Solutions"},"content":{"rendered":"<div data-elementor-type=\"wp-page\" data-elementor-id=\"296\" class=\"elementor elementor-296\" data-elementor-post-type=\"page\">\n\t\t\t\t<div class=\"elementor-element elementor-element-449dc41 e-flex e-con-boxed e-con e-parent\" data-id=\"449dc41\" data-element_type=\"container\" data-e-type=\"container\" data-settings=\"{&quot;background_background&quot;:&quot;video&quot;,&quot;background_video_link&quot;:&quot;https:\\\/\\\/avibrasaeroco.com\\\/wp-content\\\/uploads\\\/2026\\\/04\\\/HERO-SECTION-PRESENCA-CLIENTE-80-OPACIDADE.mp4&quot;,&quot;background_play_on_mobile&quot;:&quot;yes&quot;}\">\n\t\t\t\t\t<div class=\"e-con-inner\">\n\t\t<div class=\"elementor-background-video-container\">\n\t\t\t\t\t\t\t<video class=\"elementor-background-video-hosted\" role=\"presentation\" autoplay muted playsinline loop><\/video>\n\t\t\t\t\t<\/div>\t\t<section class=\"elementor-element elementor-element-0adeaca e-con e-atomic-element e-flexbox-base e-0adeaca-ec3ec92\" data-id=\"0adeaca\" data-element_type=\"e-flexbox\" data-e-type=\"e-flexbox\" data-interaction-id=\"0adeaca\">\n\t\t\t\t\t\t\t<h1 \n\t\tdata-interaction-id=\"5ca660b\" \n\t\tclass=\"e-5ca660b-5271c64 tit-over-video e-heading-base\" \n\t\t \n\t\tdata-e-type=\"widget\" data-id=\"5ca660b\"\n\t>\n\t\n\t\t\tYour trust, our greatest commitment\n\t\t<\/h1>\n\t\t\t\t\t\t\t<h1 \n\t\tdata-interaction-id=\"7871b3d\" \n\t\tclass=\"e-7871b3d-08a7f48 sub-over-video e-heading-base translation-block\" \n\t\t \n\t\tdata-e-type=\"widget\" data-id=\"7871b3d\"\n\t>End-to-end logistics support and permanent <br>presence to ensure maximum efficiency<\/h1>\n\t\t\t\t<\/section>\n\t\t\t\t\t<\/div>\n\t\t\t\t<\/div>\n\t\t<div class=\"elementor-element elementor-element-9710f8a e-flex e-con-boxed e-con e-parent\" data-id=\"9710f8a\" data-element_type=\"container\" data-e-type=\"container\" id=\"quemsomos\">\n\t\t\t\t\t<div class=\"e-con-inner\">\n\t\t\t\t<div class=\"elementor-element elementor-element-184c2b1 e-con e-atomic-element e-flexbox-base e-184c2b1-39dd7c0\" data-id=\"184c2b1\" data-element_type=\"e-flexbox\" data-e-type=\"e-flexbox\" data-interaction-id=\"184c2b1\">\n\t\t\t\t\t\t\t<h2 \n\t\tdata-interaction-id=\"a87a9c3\" \n\t\tclass=\"h2-geral e-heading-base\" \n\t\t \n\t\tdata-e-type=\"widget\" data-id=\"a87a9c3\"\n\t>\n\t\n\t\t\tTrusted partnership for lasting results\n\t\t<\/h2>\n\t\t\t\t\t\t\t\t<p class=\"e-paragraph-base\" data-interaction-id=\"fd60db2\"  data-e-type=\"widget\" data-id=\"fd60db2\">\n\t\t\t\t\t\t\t\tContinuous improvement and technological advancement are key pillars of Avibras Aeroco\u2019s operations, strengthening solid and long-term relationships with its customers.<br><br>To ensure the readiness and performance of defense systems throughout their entire lifecycle, the company provides Integrated Logistics Support (ILS) and structured after-sales services, including technical training, specialized assistance, up-to-date technical documentation, spare parts supply, preventive and corrective maintenance, technological upgrades, and dedicated solutions designed to ensure continuous operational availability.<br><br>With a highly qualified technical structure and close proximity to its customers, Avibras Aeroco reinforces its commitment to reliability, efficiency, and sustained operational support in highly demanding environments.\n\t\t\t\t\t<\/p>\n\t\t\t\t<\/div>\n\t\t\t\t<div class=\"elementor-element elementor-element-0419ae5 e-con e-atomic-element e-flexbox-base e-0419ae5-44167b9\" data-id=\"0419ae5\" data-element_type=\"e-flexbox\" data-e-type=\"e-flexbox\" data-interaction-id=\"0419ae5\">\n\t\t\t\t<div class=\"elementor-element elementor-element-bb47096 elementor-widget elementor-widget-image\" data-id=\"bb47096\" data-element_type=\"widget\" data-e-type=\"widget\" data-widget_type=\"image.default\">\n\t\t\t\t\t\t\t\t\t\t\t\t\t\t\t<img fetchpriority=\"high\" decoding=\"async\" width=\"559\" height=\"449\" src=\"https:\/\/avibrasaeroco.com\/wp-content\/uploads\/2026\/04\/parceria-confiavel-avibras.png\" class=\"attachment-full size-full wp-image-298\" alt=\"\" srcset=\"https:\/\/avibrasaeroco.com\/wp-content\/uploads\/2026\/04\/parceria-confiavel-avibras.png 559w, https:\/\/avibrasaeroco.com\/wp-content\/uploads\/2026\/04\/parceria-confiavel-avibras-300x241.png 300w\" sizes=\"(max-width: 559px) 100vw, 559px\" \/>\t\t\t\t\t\t\t\t\t\t\t\t\t\t\t<\/div>\n\t\t\t\t<\/div>\n\t\t\t\t\t<\/div>\n\t\t\t\t<\/div>\n\t\t\t\t<\/div>","protected":false},"excerpt":{"rendered":"<p>Sua confian\u00e7a, nossa maior entrega Suporte log\u00edstico completo e presen\u00e7a permanente para garantir m\u00e1xima efici\u00eancia Parceria confi\u00e1vel para resultados duradouros A melhoria cont\u00ednua e o aprimoramento tecnol\u00f3gico s\u00e3o pilares da atua\u00e7\u00e3o da Avibras Aeroco, fortalecendo rela\u00e7\u00f5es s\u00f3lidas e de longo prazo com seus clientes. Para assegurar a prontid\u00e3o e o desempenho dos sistemas de defesa [&hellip;]<\/p>\n","protected":false},"author":1,"featured_media":0,"parent":0,"menu_order":0,"comment_status":"closed","ping_status":"closed","template":"","meta":{"footnotes":""},"class_list":["post-296","page","type-page","status-publish","hentry"],"_links":{"self":[{"href":"https:\/\/avibrasaeroco.com\/en\/wp-json\/wp\/v2\/pages\/296","targetHints":{"allow":["GET"]}}],"collection":[{"href":"https:\/\/avibrasaeroco.com\/en\/wp-json\/wp\/v2\/pages"}],"about":[{"href":"https:\/\/avibrasaeroco.com\/en\/wp-json\/wp\/v2\/types\/page"}],"author":[{"embeddable":true,"href":"https:\/\/avibrasaeroco.com\/en\/wp-json\/wp\/v2\/users\/1"}],"replies":[{"embeddable":true,"href":"https:\/\/avibrasaeroco.com\/en\/wp-json\/wp\/v2\/comments?post=296"}],"version-history":[{"count":7,"href":"https:\/\/avibrasaeroco.com\/en\/wp-json\/wp\/v2\/pages\/296\/revisions"}],"predecessor-version":[{"id":734,"href":"https:\/\/avibrasaeroco.com\/en\/wp-json\/wp\/v2\/pages\/296\/revisions\/734"}],"wp:attachment":[{"href":"https:\/\/avibrasaeroco.com\/en\/wp-json\/wp\/v2\/media?parent=296"}],"curies":[{"name":"wp","href":"https:\/\/api.w.org\/{rel}","templated":true}]}}