{"id":303,"date":"2026-04-28T14:00:03","date_gmt":"2026-04-28T14:00:03","guid":{"rendered":"https:\/\/avibrasaeroco.com\/?page_id=303"},"modified":"2026-05-11T17:30:33","modified_gmt":"2026-05-11T17:30:33","slug":"carreiras","status":"publish","type":"page","link":"https:\/\/avibrasaeroco.com\/en\/carreiras\/","title":{"rendered":"Careers"},"content":{"rendered":"<div data-elementor-type=\"wp-page\" data-elementor-id=\"303\" class=\"elementor elementor-303\" data-elementor-post-type=\"page\">\n\t\t\t\t<div class=\"elementor-element elementor-element-449dc41 e-flex e-con-boxed e-con e-parent\" data-id=\"449dc41\" data-element_type=\"container\" data-e-type=\"container\" data-settings=\"{&quot;background_background&quot;:&quot;classic&quot;}\">\n\t\t\t\t\t<div class=\"e-con-inner\">\n\t\t\t\t<section class=\"elementor-element elementor-element-0adeaca e-con e-atomic-element e-flexbox-base e-0adeaca-ec3ec92\" data-id=\"0adeaca\" data-element_type=\"e-flexbox\" data-e-type=\"e-flexbox\" data-interaction-id=\"0adeaca\">\n\t\t\t\t\t\t\t<h1 \n\t\tdata-interaction-id=\"5ca660b\" \n\t\tclass=\"e-5ca660b-5271c64 tit-over-video e-heading-base\" \n\t\t \n\t\tdata-e-type=\"widget\" data-id=\"5ca660b\"\n\t>\n\t\n\t\t\tYour talent drive us\n\t\t<\/h1>\n\t\t\t\t\t\t\t<h1 \n\t\tdata-interaction-id=\"7871b3d\" \n\t\tclass=\"e-7871b3d-08a7f48 sub-over-video e-heading-base\" \n\t\t \n\t\tdata-e-type=\"widget\" data-id=\"7871b3d\"\n\t>\n\t\n\t\t\tJoin us\n\t\t<\/h1>\n\t\t\t\t<\/section>\n\t\t\t\t\t<\/div>\n\t\t\t\t<\/div>\n\t\t<div class=\"elementor-element elementor-element-9710f8a e-flex e-con-boxed e-con e-parent\" data-id=\"9710f8a\" data-element_type=\"container\" data-e-type=\"container\" id=\"quemsomos\">\n\t\t\t\t\t<div class=\"e-con-inner\">\n\t\t\t\t<div class=\"elementor-element elementor-element-184c2b1 e-con e-atomic-element e-flexbox-base e-184c2b1-39dd7c0\" data-id=\"184c2b1\" data-element_type=\"e-flexbox\" data-e-type=\"e-flexbox\" data-interaction-id=\"184c2b1\">\n\t\t\t\t\t\t\t<h2 \n\t\tdata-interaction-id=\"a87a9c3\" \n\t\tclass=\"h2-geral e-heading-base\" \n\t\t \n\t\tdata-e-type=\"widget\" data-id=\"a87a9c3\"\n\t>\n\t\n\t\t\tWhere your expertise meets purpose\n\t\t<\/h2>\n\t\t\t\t\t\t\t\t<p class=\"e-paragraph-base\" data-interaction-id=\"fd60db2\"  data-e-type=\"widget\" data-id=\"fd60db2\">\n\t\t\t\t\t\t\t\tWorking at Avibras Aeroco means being part of an ecosystem of innovation. Here, cutting-edge technology emerges from the collaboration of people who are passionate about what they do and committed to excellence.<br><br>We are experiencing a new moment, focused on transparency, respect, and valuing the people who are part of our journey. We believe that great achievements are only possible when diverse talents work together in an environment of collaboration and continuous learning.<br><br>If you want to build your career alongside people committed to innovation and major challenges, this is the place for you. Come and move your career forward with us.\n\t\t\t\t\t<\/p>\n\t\t\t\t<\/div>\n\t\t\t\t<div class=\"elementor-element elementor-element-0419ae5 e-con e-atomic-element e-flexbox-base e-0419ae5-44167b9\" data-id=\"0419ae5\" data-element_type=\"e-flexbox\" data-e-type=\"e-flexbox\" data-interaction-id=\"0419ae5\">\n\t\t\t\t<div class=\"elementor-element elementor-element-bb47096 elementor-widget elementor-widget-image\" data-id=\"bb47096\" data-element_type=\"widget\" data-e-type=\"widget\" data-widget_type=\"image.default\">\n\t\t\t\t\t\t\t\t\t\t\t\t\t\t\t<img fetchpriority=\"high\" decoding=\"async\" width=\"553\" height=\"443\" src=\"https:\/\/avibrasaeroco.com\/wp-content\/uploads\/2026\/04\/carreiras-avibras.png\" class=\"attachment-full size-full wp-image-307\" alt=\"\" srcset=\"https:\/\/avibrasaeroco.com\/wp-content\/uploads\/2026\/04\/carreiras-avibras.png 553w, https:\/\/avibrasaeroco.com\/wp-content\/uploads\/2026\/04\/carreiras-avibras-300x240.png 300w\" sizes=\"(max-width: 553px) 100vw, 553px\" \/>\t\t\t\t\t\t\t\t\t\t\t\t\t\t\t<\/div>\n\t\t\t\t<\/div>\n\t\t\t\t\t<\/div>\n\t\t\t\t<\/div>\n\t\t<div class=\"elementor-element elementor-element-58f1b8e e-flex e-con-boxed e-con e-parent\" data-id=\"58f1b8e\" data-element_type=\"container\" data-e-type=\"container\">\n\t\t\t\t\t<div class=\"e-con-inner\">\n\t\t\t\t<div class=\"elementor-element elementor-element-350febe e-con e-atomic-element e-flexbox-base e-350febe-36df77c\" data-id=\"350febe\" data-element_type=\"e-flexbox\" data-e-type=\"e-flexbox\" data-interaction-id=\"350febe\">\n\t\t\t\t\t\t\t<h2 \n\t\tdata-interaction-id=\"53b5f98\" \n\t\tclass=\"h3-blocos e-heading-base\" \n\t\t \n\t\tdata-e-type=\"widget\" data-id=\"53b5f98\"\n\t>\n\t\n\t\t\tSend your resume to\n\t\t<\/h2>\n\t\t\t\t\t\t\t\t<p class=\"e-73f9658-1448021 e-paragraph-base\" data-interaction-id=\"73f9658\"  data-e-type=\"widget\" data-id=\"73f9658\">\n\t\t\t\t\t\t\t\t&nbsp;carreiras@avibrasaeroco.com\n\t\t\t\t\t<\/p>\n\t\t\t\t<\/div>\n\t\t\t\t\t<\/div>\n\t\t\t\t<\/div>\n\t\t\t\t<\/div>","protected":false},"excerpt":{"rendered":"<p>O seu talento nos move Junte-se a n\u00f3s Onde o seu conhecimento encontra um prop\u00f3sito Trabalhar na Avibras Aeroco \u00e9 fazer parte de um ecossistema de inova\u00e7\u00e3o. Aqui, a tecnologia de ponta nasce do encontro de pessoas apaixonadas pelo que fazem e comprometidas com a excel\u00eancia. Estamos vivendo um novo momento, focado na transpar\u00eancia, no [&hellip;]<\/p>\n","protected":false},"author":1,"featured_media":0,"parent":0,"menu_order":0,"comment_status":"closed","ping_status":"closed","template":"","meta":{"footnotes":""},"class_list":["post-303","page","type-page","status-publish","hentry"],"_links":{"self":[{"href":"https:\/\/avibrasaeroco.com\/en\/wp-json\/wp\/v2\/pages\/303","targetHints":{"allow":["GET"]}}],"collection":[{"href":"https:\/\/avibrasaeroco.com\/en\/wp-json\/wp\/v2\/pages"}],"about":[{"href":"https:\/\/avibrasaeroco.com\/en\/wp-json\/wp\/v2\/types\/page"}],"author":[{"embeddable":true,"href":"https:\/\/avibrasaeroco.com\/en\/wp-json\/wp\/v2\/users\/1"}],"replies":[{"embeddable":true,"href":"https:\/\/avibrasaeroco.com\/en\/wp-json\/wp\/v2\/comments?post=303"}],"version-history":[{"count":10,"href":"https:\/\/avibrasaeroco.com\/en\/wp-json\/wp\/v2\/pages\/303\/revisions"}],"predecessor-version":[{"id":644,"href":"https:\/\/avibrasaeroco.com\/en\/wp-json\/wp\/v2\/pages\/303\/revisions\/644"}],"wp:attachment":[{"href":"https:\/\/avibrasaeroco.com\/en\/wp-json\/wp\/v2\/media?parent=303"}],"curies":[{"name":"wp","href":"https:\/\/api.w.org\/{rel}","templated":true}]}}