{"id":314,"date":"2026-04-28T14:24:49","date_gmt":"2026-04-28T14:24:49","guid":{"rendered":"https:\/\/avibrasaeroco.com\/?page_id=314"},"modified":"2026-05-11T17:31:19","modified_gmt":"2026-05-11T17:31:19","slug":"noticias","status":"publish","type":"page","link":"https:\/\/avibrasaeroco.com\/en\/noticias\/","title":{"rendered":"News"},"content":{"rendered":"\t\t<div data-elementor-type=\"wp-page\" data-elementor-id=\"314\" class=\"elementor elementor-314\" data-elementor-post-type=\"page\">\n\t\t\t\t<div class=\"elementor-element elementor-element-449dc41 e-flex e-con-boxed e-con e-parent\" data-id=\"449dc41\" data-element_type=\"container\" data-e-type=\"container\" data-settings=\"{&quot;background_background&quot;:&quot;classic&quot;}\">\n\t\t\t\t\t<div class=\"e-con-inner\">\n\t\t\t\t<section class=\"elementor-element elementor-element-0adeaca e-con e-atomic-element e-flexbox-base e-0adeaca-ec3ec92\" data-id=\"0adeaca\" data-element_type=\"e-flexbox\" data-e-type=\"e-flexbox\" data-interaction-id=\"0adeaca\" data-e-type=\"e-flexbox\" data-id=\"0adeaca\">\n\t\t\t\t\t\t\t<h1 \n\t\tdata-interaction-id=\"5ca660b\" \n\t\tclass=\"e-5ca660b-5271c64 tit-over-video e-heading-base\" \n\t\t \n\t\tdata-e-type=\"widget\" data-id=\"5ca660b\"\n\t>\n\t\n\t\t\tCENTRAL DE Not\u00edcias\n\t\t<\/h1>\n\t\t\t\t<\/section>\n\t\t\t\t\t<\/div>\n\t\t\t\t<\/div>\n\t\t<div class=\"elementor-element elementor-element-9710f8a e-flex e-con-boxed e-con e-parent\" data-id=\"9710f8a\" data-element_type=\"container\" data-e-type=\"container\" id=\"quemsomos\">\n\t\t\t\t\t<div class=\"e-con-inner\">\n\t\t\t\t<div class=\"elementor-element elementor-element-184c2b1 e-con e-atomic-element e-flexbox-base e-184c2b1-39dd7c0\" data-id=\"184c2b1\" data-element_type=\"e-flexbox\" data-e-type=\"e-flexbox\" data-interaction-id=\"184c2b1\" data-e-type=\"e-flexbox\" data-id=\"184c2b1\">\n\t\t\t\t\t\t\t<h2 \n\t\tdata-interaction-id=\"a87a9c3\" \n\t\tclass=\"h2-geral e-a87a9c3-16601cb e-heading-base\" \n\t\t \n\t\tdata-e-type=\"widget\" data-id=\"a87a9c3\"\n\t>\n\t\n\t\t\tAcompanhe as principais not\u00edcias da Avibras Aeroco e fique por dentro dos avan\u00e7os em defesa e aeroespacial, inova\u00e7\u00e3o tecnol\u00f3gica, parcerias estrat\u00e9gicas e marcos institucionais.\n\t\t<\/h2>\n\t\t\t\t<div class=\"elementor-element elementor-element-54890f7 elementor-grid-3 elementor-grid-tablet-2 elementor-grid-mobile-1 elementor-widget elementor-widget-loop-grid\" data-id=\"54890f7\" data-element_type=\"widget\" data-e-type=\"widget\" data-settings=\"{&quot;template_id&quot;:&quot;376&quot;,&quot;pagination_type&quot;:&quot;load_more_infinite_scroll&quot;,&quot;_skin&quot;:&quot;post&quot;,&quot;columns&quot;:&quot;3&quot;,&quot;columns_tablet&quot;:&quot;2&quot;,&quot;columns_mobile&quot;:&quot;1&quot;,&quot;edit_handle_selector&quot;:&quot;[data-elementor-type=\\&quot;loop-item\\&quot;]&quot;,&quot;load_more_spinner&quot;:{&quot;value&quot;:&quot;fas fa-spinner&quot;,&quot;library&quot;:&quot;fa-solid&quot;},&quot;row_gap&quot;:{&quot;unit&quot;:&quot;px&quot;,&quot;size&quot;:&quot;&quot;,&quot;sizes&quot;:[]},&quot;row_gap_tablet&quot;:{&quot;unit&quot;:&quot;px&quot;,&quot;size&quot;:&quot;&quot;,&quot;sizes&quot;:[]},&quot;row_gap_mobile&quot;:{&quot;unit&quot;:&quot;px&quot;,&quot;size&quot;:&quot;&quot;,&quot;sizes&quot;:[]}}\" data-widget_type=\"loop-grid.post\">\n\t\t\t\t<div class=\"elementor-widget-container\">\n\t\t\t\t\t\t\t<div class=\"elementor-loop-container elementor-grid\" role=\"list\">\n\t\t<style id=\"loop-376\">.elementor-376 .elementor-element.elementor-element-0161487{--display:flex;--gap:10px 10px;--row-gap:10px;--column-gap:10px;border-style:solid;--border-style:solid;border-width:1px 1px 1px 1px;--border-top-width:1px;--border-right-width:1px;--border-bottom-width:1px;--border-left-width:1px;border-color:#C4C4C4;--border-color:#C4C4C4;--border-radius:4px 4px 4px 4px;--padding-top:0px;--padding-bottom:0px;--padding-left:0px;--padding-right:0px;}.elementor-376 .elementor-element.elementor-element-b715cf8{--display:flex;--padding-top:0px;--padding-bottom:0px;--padding-left:0px;--padding-right:0px;}.elementor-376 .elementor-element.elementor-element-7591def{--display:flex;--padding-top:24px;--padding-bottom:24px;--padding-left:24px;--padding-right:24px;}.elementor-376 .elementor-element.elementor-element-cbd7d39 .elementor-heading-title{font-size:18px;font-weight:800;line-height:27px;}.elementor-376 .elementor-element.elementor-element-f8033da .elementor-button-content-wrapper{flex-direction:row-reverse;}.elementor-376 .elementor-element.elementor-element-f8033da .elementor-button{fill:#000000;color:#000000;background-color:#FFFFFF;padding:0px 0px 0px 0px;}<\/style>\t\t<div data-elementor-type=\"loop-item\" data-elementor-id=\"376\" class=\"elementor elementor-376 e-loop-item e-loop-item-818 post-818 post type-post status-publish format-standard has-post-thumbnail hentry category-institucional\" data-elementor-post-type=\"elementor_library\" data-custom-edit-handle=\"1\">\n\t\t\t<div class=\"elementor-element elementor-element-0161487 e-flex e-con-boxed e-con e-parent\" data-id=\"0161487\" data-element_type=\"container\" data-e-type=\"container\">\n\t\t\t\t\t<div class=\"e-con-inner\">\n\t\t<div class=\"elementor-element elementor-element-b715cf8 e-con-full e-flex e-con e-child\" data-id=\"b715cf8\" data-element_type=\"container\" data-e-type=\"container\">\n\t\t\t\t<div class=\"elementor-element elementor-element-ee22720 elementor-widget elementor-widget-theme-post-featured-image elementor-widget-image\" data-id=\"ee22720\" data-element_type=\"widget\" data-e-type=\"widget\" data-widget_type=\"theme-post-featured-image.default\">\n\t\t\t\t\t\t\t\t\t\t\t\t\t\t\t\t<a href=\"https:\/\/avibrasaeroco.com\/en\/avibras-aeroco-apresenta-seu-site-institucional-com-foco-em-experiencia\/\">\n\t\t\t\t\t\t\t<img fetchpriority=\"high\" decoding=\"async\" width=\"768\" height=\"385\" src=\"https:\/\/avibrasaeroco.com\/wp-content\/uploads\/2026\/05\/avibras-lancamento-768x385.jpg\" class=\"attachment-medium_large size-medium_large wp-image-819\" alt=\"\" srcset=\"https:\/\/avibrasaeroco.com\/wp-content\/uploads\/2026\/05\/avibras-lancamento-768x385.jpg 768w, https:\/\/avibrasaeroco.com\/wp-content\/uploads\/2026\/05\/avibras-lancamento-300x150.jpg 300w, https:\/\/avibrasaeroco.com\/wp-content\/uploads\/2026\/05\/avibras-lancamento-1024x513.jpg 1024w, https:\/\/avibrasaeroco.com\/wp-content\/uploads\/2026\/05\/avibras-lancamento-1536x770.jpg 1536w, https:\/\/avibrasaeroco.com\/wp-content\/uploads\/2026\/05\/avibras-lancamento-18x9.jpg 18w, https:\/\/avibrasaeroco.com\/wp-content\/uploads\/2026\/05\/avibras-lancamento.jpg 1636w\" sizes=\"(max-width: 768px) 100vw, 768px\" \/>\t\t\t\t\t\t\t\t<\/a>\n\t\t\t\t\t\t\t\t\t\t\t\t\t\t\t<\/div>\n\t\t\t\t<\/div>\n\t\t<div class=\"elementor-element elementor-element-7591def e-con-full e-flex e-con e-child\" data-id=\"7591def\" data-element_type=\"container\" data-e-type=\"container\">\n\t\t\t\t<div class=\"elementor-element elementor-element-cbd7d39 elementor-widget elementor-widget-theme-post-title elementor-page-title elementor-widget-heading\" data-id=\"cbd7d39\" data-element_type=\"widget\" data-e-type=\"widget\" data-widget_type=\"theme-post-title.default\">\n\t\t\t\t\t<h3 class=\"elementor-heading-title elementor-size-default\"><a href=\"https:\/\/avibrasaeroco.com\/en\/avibras-aeroco-apresenta-seu-site-institucional-com-foco-em-experiencia\/\">Avibras Aeroco apresenta seu site institucional com foco em experi\u00eancia  do usu\u00e1rio e posicionamento global<\/a><\/h3>\t\t\t\t<\/div>\n\t\t\t\t<div class=\"elementor-element elementor-element-f8033da elementor-widget elementor-widget-button\" data-id=\"f8033da\" data-element_type=\"widget\" data-e-type=\"widget\" data-widget_type=\"button.default\">\n\t\t\t\t\t\t\t\t\t\t<a class=\"elementor-button elementor-button-link elementor-size-sm\" href=\"https:\/\/avibrasaeroco.com\/en\/avibras-aeroco-apresenta-seu-site-institucional-com-foco-em-experiencia\/\">\n\t\t\t\t\t\t<span class=\"elementor-button-content-wrapper\">\n\t\t\t\t\t\t<span class=\"elementor-button-icon\">\n\t\t\t\t<svg aria-hidden=\"true\" class=\"e-font-icon-svg e-fas-arrow-right\" viewBox=\"0 0 448 512\" xmlns=\"http:\/\/www.w3.org\/2000\/svg\"><path d=\"M190.5 66.9l22.2-22.2c9.4-9.4 24.6-9.4 33.9 0L441 239c9.4 9.4 9.4 24.6 0 33.9L246.6 467.3c-9.4 9.4-24.6 9.4-33.9 0l-22.2-22.2c-9.5-9.5-9.3-25 .4-34.3L311.4 296H24c-13.3 0-24-10.7-24-24v-32c0-13.3 10.7-24 24-24h287.4L190.9 101.2c-9.8-9.3-10-24.8-.4-34.3z\"><\/path><\/svg>\t\t\t<\/span>\n\t\t\t\t\t\t\t\t\t<span class=\"elementor-button-text\">Leia mais <\/span>\n\t\t\t\t\t<\/span>\n\t\t\t\t\t<\/a>\n\t\t\t\t\t\t\t\t<\/div>\n\t\t\t\t<\/div>\n\t\t\t\t\t<\/div>\n\t\t\t\t<\/div>\n\t\t\t\t<\/div>\n\t\t\t\t<div data-elementor-type=\"loop-item\" data-elementor-id=\"376\" class=\"elementor elementor-376 e-loop-item e-loop-item-800 post-800 post type-post status-publish format-standard has-post-thumbnail hentry category-institucional\" data-elementor-post-type=\"elementor_library\" data-custom-edit-handle=\"1\">\n\t\t\t<div class=\"elementor-element elementor-element-0161487 e-flex e-con-boxed e-con e-parent\" data-id=\"0161487\" data-element_type=\"container\" data-e-type=\"container\">\n\t\t\t\t\t<div class=\"e-con-inner\">\n\t\t<div class=\"elementor-element elementor-element-b715cf8 e-con-full e-flex e-con e-child\" data-id=\"b715cf8\" data-element_type=\"container\" data-e-type=\"container\">\n\t\t\t\t<div class=\"elementor-element elementor-element-ee22720 elementor-widget elementor-widget-theme-post-featured-image elementor-widget-image\" data-id=\"ee22720\" data-element_type=\"widget\" data-e-type=\"widget\" data-widget_type=\"theme-post-featured-image.default\">\n\t\t\t\t\t\t\t\t\t\t\t\t\t\t\t\t<a href=\"https:\/\/avibrasaeroco.com\/en\/avibras-aeroco-e-exercito-brasileiro-se-reunem-para-discutir-novos-contratos\/\">\n\t\t\t\t\t\t\t<img decoding=\"async\" width=\"768\" height=\"385\" src=\"https:\/\/avibrasaeroco.com\/wp-content\/uploads\/2026\/05\/Avibras-Aeroco-e-Exercito-Brasileiro-1-768x385.jpg\" class=\"attachment-medium_large size-medium_large wp-image-804\" alt=\"\" srcset=\"https:\/\/avibrasaeroco.com\/wp-content\/uploads\/2026\/05\/Avibras-Aeroco-e-Exercito-Brasileiro-1-768x385.jpg 768w, https:\/\/avibrasaeroco.com\/wp-content\/uploads\/2026\/05\/Avibras-Aeroco-e-Exercito-Brasileiro-1-300x150.jpg 300w, https:\/\/avibrasaeroco.com\/wp-content\/uploads\/2026\/05\/Avibras-Aeroco-e-Exercito-Brasileiro-1-1024x513.jpg 1024w, https:\/\/avibrasaeroco.com\/wp-content\/uploads\/2026\/05\/Avibras-Aeroco-e-Exercito-Brasileiro-1-18x9.jpg 18w, https:\/\/avibrasaeroco.com\/wp-content\/uploads\/2026\/05\/Avibras-Aeroco-e-Exercito-Brasileiro-1.jpg 1279w\" sizes=\"(max-width: 768px) 100vw, 768px\" \/>\t\t\t\t\t\t\t\t<\/a>\n\t\t\t\t\t\t\t\t\t\t\t\t\t\t\t<\/div>\n\t\t\t\t<\/div>\n\t\t<div class=\"elementor-element elementor-element-7591def e-con-full e-flex e-con e-child\" data-id=\"7591def\" data-element_type=\"container\" data-e-type=\"container\">\n\t\t\t\t<div class=\"elementor-element elementor-element-cbd7d39 elementor-widget elementor-widget-theme-post-title elementor-page-title elementor-widget-heading\" data-id=\"cbd7d39\" data-element_type=\"widget\" data-e-type=\"widget\" data-widget_type=\"theme-post-title.default\">\n\t\t\t\t\t<h3 class=\"elementor-heading-title elementor-size-default\"><a href=\"https:\/\/avibrasaeroco.com\/en\/avibras-aeroco-e-exercito-brasileiro-se-reunem-para-discutir-novos-contratos\/\">Avibras Aeroco e Ex\u00e9rcito Brasileiro se re\u00fanem para discutir novos contratos<\/a><\/h3>\t\t\t\t<\/div>\n\t\t\t\t<div class=\"elementor-element elementor-element-f8033da elementor-widget elementor-widget-button\" data-id=\"f8033da\" data-element_type=\"widget\" data-e-type=\"widget\" data-widget_type=\"button.default\">\n\t\t\t\t\t\t\t\t\t\t<a class=\"elementor-button elementor-button-link elementor-size-sm\" href=\"https:\/\/avibrasaeroco.com\/en\/avibras-aeroco-e-exercito-brasileiro-se-reunem-para-discutir-novos-contratos\/\">\n\t\t\t\t\t\t<span class=\"elementor-button-content-wrapper\">\n\t\t\t\t\t\t<span class=\"elementor-button-icon\">\n\t\t\t\t<svg aria-hidden=\"true\" class=\"e-font-icon-svg e-fas-arrow-right\" viewBox=\"0 0 448 512\" xmlns=\"http:\/\/www.w3.org\/2000\/svg\"><path d=\"M190.5 66.9l22.2-22.2c9.4-9.4 24.6-9.4 33.9 0L441 239c9.4 9.4 9.4 24.6 0 33.9L246.6 467.3c-9.4 9.4-24.6 9.4-33.9 0l-22.2-22.2c-9.5-9.5-9.3-25 .4-34.3L311.4 296H24c-13.3 0-24-10.7-24-24v-32c0-13.3 10.7-24 24-24h287.4L190.9 101.2c-9.8-9.3-10-24.8-.4-34.3z\"><\/path><\/svg>\t\t\t<\/span>\n\t\t\t\t\t\t\t\t\t<span class=\"elementor-button-text\">Leia mais <\/span>\n\t\t\t\t\t<\/span>\n\t\t\t\t\t<\/a>\n\t\t\t\t\t\t\t\t<\/div>\n\t\t\t\t<\/div>\n\t\t\t\t\t<\/div>\n\t\t\t\t<\/div>\n\t\t\t\t<\/div>\n\t\t\t\t<div data-elementor-type=\"loop-item\" data-elementor-id=\"376\" class=\"elementor elementor-376 e-loop-item e-loop-item-606 post-606 post type-post status-publish format-standard has-post-thumbnail hentry category-institucional\" data-elementor-post-type=\"elementor_library\" data-custom-edit-handle=\"1\">\n\t\t\t<div class=\"elementor-element elementor-element-0161487 e-flex e-con-boxed e-con e-parent\" data-id=\"0161487\" data-element_type=\"container\" data-e-type=\"container\">\n\t\t\t\t\t<div class=\"e-con-inner\">\n\t\t<div class=\"elementor-element elementor-element-b715cf8 e-con-full e-flex e-con e-child\" data-id=\"b715cf8\" data-element_type=\"container\" data-e-type=\"container\">\n\t\t\t\t<div class=\"elementor-element elementor-element-ee22720 elementor-widget elementor-widget-theme-post-featured-image elementor-widget-image\" data-id=\"ee22720\" data-element_type=\"widget\" data-e-type=\"widget\" data-widget_type=\"theme-post-featured-image.default\">\n\t\t\t\t\t\t\t\t\t\t\t\t\t\t\t\t<a href=\"https:\/\/avibrasaeroco.com\/en\/avibras-aeroco-marca-nova-fase-da-industria-de-defesa-e-aeroespacial-brasileira\/\">\n\t\t\t\t\t\t\t<img decoding=\"async\" width=\"768\" height=\"385\" src=\"https:\/\/avibrasaeroco.com\/wp-content\/uploads\/2026\/04\/avibras-horizontal-768x385.jpg\" class=\"attachment-medium_large size-medium_large wp-image-624\" alt=\"\" srcset=\"https:\/\/avibrasaeroco.com\/wp-content\/uploads\/2026\/04\/avibras-horizontal-768x385.jpg 768w, https:\/\/avibrasaeroco.com\/wp-content\/uploads\/2026\/04\/avibras-horizontal-300x150.jpg 300w, https:\/\/avibrasaeroco.com\/wp-content\/uploads\/2026\/04\/avibras-horizontal-1024x513.jpg 1024w, https:\/\/avibrasaeroco.com\/wp-content\/uploads\/2026\/04\/avibras-horizontal-1536x769.jpg 1536w, https:\/\/avibrasaeroco.com\/wp-content\/uploads\/2026\/04\/avibras-horizontal-18x9.jpg 18w, https:\/\/avibrasaeroco.com\/wp-content\/uploads\/2026\/04\/avibras-horizontal.jpg 1741w\" sizes=\"(max-width: 768px) 100vw, 768px\" \/>\t\t\t\t\t\t\t\t<\/a>\n\t\t\t\t\t\t\t\t\t\t\t\t\t\t\t<\/div>\n\t\t\t\t<\/div>\n\t\t<div class=\"elementor-element elementor-element-7591def e-con-full e-flex e-con e-child\" data-id=\"7591def\" data-element_type=\"container\" data-e-type=\"container\">\n\t\t\t\t<div class=\"elementor-element elementor-element-cbd7d39 elementor-widget elementor-widget-theme-post-title elementor-page-title elementor-widget-heading\" data-id=\"cbd7d39\" data-element_type=\"widget\" data-e-type=\"widget\" data-widget_type=\"theme-post-title.default\">\n\t\t\t\t\t<h3 class=\"elementor-heading-title elementor-size-default\"><a href=\"https:\/\/avibrasaeroco.com\/en\/avibras-aeroco-marca-nova-fase-da-industria-de-defesa-e-aeroespacial-brasileira\/\">Avibras Aeroco marca nova fase da ind\u00fastria de defesa e aeroespacial brasileira<\/a><\/h3>\t\t\t\t<\/div>\n\t\t\t\t<div class=\"elementor-element elementor-element-f8033da elementor-widget elementor-widget-button\" data-id=\"f8033da\" data-element_type=\"widget\" data-e-type=\"widget\" data-widget_type=\"button.default\">\n\t\t\t\t\t\t\t\t\t\t<a class=\"elementor-button elementor-button-link elementor-size-sm\" href=\"https:\/\/avibrasaeroco.com\/en\/avibras-aeroco-marca-nova-fase-da-industria-de-defesa-e-aeroespacial-brasileira\/\">\n\t\t\t\t\t\t<span class=\"elementor-button-content-wrapper\">\n\t\t\t\t\t\t<span class=\"elementor-button-icon\">\n\t\t\t\t<svg aria-hidden=\"true\" class=\"e-font-icon-svg e-fas-arrow-right\" viewBox=\"0 0 448 512\" xmlns=\"http:\/\/www.w3.org\/2000\/svg\"><path d=\"M190.5 66.9l22.2-22.2c9.4-9.4 24.6-9.4 33.9 0L441 239c9.4 9.4 9.4 24.6 0 33.9L246.6 467.3c-9.4 9.4-24.6 9.4-33.9 0l-22.2-22.2c-9.5-9.5-9.3-25 .4-34.3L311.4 296H24c-13.3 0-24-10.7-24-24v-32c0-13.3 10.7-24 24-24h287.4L190.9 101.2c-9.8-9.3-10-24.8-.4-34.3z\"><\/path><\/svg>\t\t\t<\/span>\n\t\t\t\t\t\t\t\t\t<span class=\"elementor-button-text\">Leia mais <\/span>\n\t\t\t\t\t<\/span>\n\t\t\t\t\t<\/a>\n\t\t\t\t\t\t\t\t<\/div>\n\t\t\t\t<\/div>\n\t\t\t\t\t<\/div>\n\t\t\t\t<\/div>\n\t\t\t\t<\/div>\n\t\t\t\t<\/div>\n\t\t\t\t\t<span class=\"e-load-more-spinner\">\n\t\t\t\t<svg aria-hidden=\"true\" class=\"e-font-icon-svg e-fas-spinner\" viewBox=\"0 0 512 512\" xmlns=\"http:\/\/www.w3.org\/2000\/svg\"><path d=\"M304 48c0 26.51-21.49 48-48 48s-48-21.49-48-48 21.49-48 48-48 48 21.49 48 48zm-48 368c-26.51 0-48 21.49-48 48s21.49 48 48 48 48-21.49 48-48-21.49-48-48-48zm208-208c-26.51 0-48 21.49-48 48s21.49 48 48 48 48-21.49 48-48-21.49-48-48-48zM96 256c0-26.51-21.49-48-48-48S0 229.49 0 256s21.49 48 48 48 48-21.49 48-48zm12.922 99.078c-26.51 0-48 21.49-48 48s21.49 48 48 48 48-21.49 48-48c0-26.509-21.491-48-48-48zm294.156 0c-26.51 0-48 21.49-48 48s21.49 48 48 48 48-21.49 48-48c0-26.509-21.49-48-48-48zM108.922 60.922c-26.51 0-48 21.49-48 48s21.49 48 48 48 48-21.49 48-48-21.491-48-48-48z\"><\/path><\/svg>\t\t\t<\/span>\n\t\t\n\t\t\t\t\t\t<\/div>\n\t\t\t\t<\/div>\n\t\t\t\t<\/div>\n\t\t\t\t\t<\/div>\n\t\t\t\t<\/div>\n\t\t\t\t<\/div>\n\t\t","protected":false},"excerpt":{"rendered":"<p>CENTRAL DE Not\u00edcias Acompanhe as principais not\u00edcias da Avibras Aeroco e fique por dentro dos avan\u00e7os em defesa e aeroespacial, inova\u00e7\u00e3o tecnol\u00f3gica, parcerias estrat\u00e9gicas e marcos institucionais.<\/p>","protected":false},"author":1,"featured_media":0,"parent":0,"menu_order":0,"comment_status":"closed","ping_status":"closed","template":"","meta":{"footnotes":""},"class_list":["post-314","page","type-page","status-publish","hentry"],"_links":{"self":[{"href":"https:\/\/avibrasaeroco.com\/en\/wp-json\/wp\/v2\/pages\/314","targetHints":{"allow":["GET"]}}],"collection":[{"href":"https:\/\/avibrasaeroco.com\/en\/wp-json\/wp\/v2\/pages"}],"about":[{"href":"https:\/\/avibrasaeroco.com\/en\/wp-json\/wp\/v2\/types\/page"}],"author":[{"embeddable":true,"href":"https:\/\/avibrasaeroco.com\/en\/wp-json\/wp\/v2\/users\/1"}],"replies":[{"embeddable":true,"href":"https:\/\/avibrasaeroco.com\/en\/wp-json\/wp\/v2\/comments?post=314"}],"version-history":[{"count":10,"href":"https:\/\/avibrasaeroco.com\/en\/wp-json\/wp\/v2\/pages\/314\/revisions"}],"predecessor-version":[{"id":491,"href":"https:\/\/avibrasaeroco.com\/en\/wp-json\/wp\/v2\/pages\/314\/revisions\/491"}],"wp:attachment":[{"href":"https:\/\/avibrasaeroco.com\/en\/wp-json\/wp\/v2\/media?parent=314"}],"curies":[{"name":"wp","href":"https:\/\/api.w.org\/{rel}","templated":true}]}}