{"id":388,"date":"2026-04-28T18:39:33","date_gmt":"2026-04-28T18:39:33","guid":{"rendered":"https:\/\/avibrasaeroco.com\/?page_id=388"},"modified":"2026-04-29T20:06:25","modified_gmt":"2026-04-29T20:06:25","slug":"avibras-novo-site-em-construcao","status":"publish","type":"page","link":"https:\/\/avibrasaeroco.com\/en\/","title":{"rendered":"Avibras &#8211; Novo site em constru\u00e7\u00e3o"},"content":{"rendered":"<div data-elementor-type=\"wp-page\" data-elementor-id=\"388\" class=\"elementor elementor-388\" data-elementor-post-type=\"page\">\n\t\t\t\t<div class=\"elementor-element elementor-element-449dc41 e-flex e-con-boxed e-con e-parent\" data-id=\"449dc41\" data-element_type=\"container\" data-e-type=\"container\" data-settings=\"{&quot;background_background&quot;:&quot;video&quot;,&quot;background_video_link&quot;:&quot;https:\\\/\\\/royalblue-emu-663079.hostingersite.com\\\/wp-content\\\/uploads\\\/2026\\\/04\\\/HERO-SECTION-DA-HOME-80-OPACIDADE.mp4&quot;,&quot;background_play_on_mobile&quot;:&quot;yes&quot;}\">\n\t\t\t\t\t<div class=\"e-con-inner\">\n\t\t<div class=\"elementor-background-video-container\">\n\t\t\t\t\t\t\t<video class=\"elementor-background-video-hosted\" role=\"presentation\" autoplay muted playsinline loop><\/video>\n\t\t\t\t\t<\/div>\t\t<section class=\"elementor-element elementor-element-0adeaca e-con e-atomic-element e-flexbox-base e-0adeaca-ec3ec92\" data-id=\"0adeaca\" data-element_type=\"e-flexbox\" data-e-type=\"e-flexbox\" data-interaction-id=\"0adeaca\">\n\t\t\t\t\t\t\t<h1 \n\t\tdata-interaction-id=\"5ca660b\" \n\t\tclass=\"tit-over-video e-heading-base\" \n\t\t \n\t\tdata-e-type=\"widget\" data-id=\"5ca660b\"\n\t>\n\t\n\t\t\tInnovation in Defense and Aerospace Technology\n\t\t<\/h1>\n\t\t\t\t<\/section>\n\t\t\t\t\t<\/div>\n\t\t\t\t<\/div>\n\t\t<div class=\"elementor-element elementor-element-aa79d37 e-flex e-con-boxed e-con e-parent\" data-id=\"aa79d37\" data-element_type=\"container\" data-e-type=\"container\">\n\t\t\t\t\t<div class=\"e-con-inner\">\n\t\t\t\t<div class=\"elementor-element elementor-element-85b4e64 e-con e-atomic-element e-flexbox-base e-85b4e64-6b1e177\" data-id=\"85b4e64\" data-element_type=\"e-flexbox\" data-e-type=\"e-flexbox\" data-interaction-id=\"85b4e64\">\n\t\t\t\t<div class=\"elementor-element elementor-element-bec3eab e-con e-atomic-element e-flexbox-base e-bec3eab-8e7f8d4\" data-id=\"bec3eab\" data-element_type=\"e-flexbox\" data-e-type=\"e-flexbox\" data-interaction-id=\"bec3eab\">\n\t\t\t\t\t\t\t<h2 \n\t\tdata-interaction-id=\"09b1c1b\" \n\t\tclass=\"h3 e-09b1c1b-5458aa9 e-heading-base\" \n\t\t \n\t\tdata-e-type=\"widget\" data-id=\"09b1c1b\"\n\t>\n\t\n\t\t\tPress Release\n\t\t<\/h2>\n\t\t\t\t<div class=\"elementor-element elementor-element-d80377e elementor-position-left elementor-vertical-align-middle elementor-widget elementor-widget-image-box\" data-id=\"d80377e\" data-element_type=\"widget\" data-e-type=\"widget\" data-widget_type=\"image-box.default\">\n\t\t\t\t\t<div class=\"elementor-image-box-wrapper\"><figure class=\"elementor-image-box-img\"><a href=\"https:\/\/avibrasaeroco.com\/en\/artigo-avibras-aeroco-marca-nova-fase-da-industria-de-defesa-e-aeroespacial-brasileira\/\" tabindex=\"-1\"><img fetchpriority=\"high\" decoding=\"async\" width=\"1309\" height=\"872\" src=\"https:\/\/avibrasaeroco.com\/wp-content\/uploads\/2026\/04\/avibras-materia-3.webp\" class=\"attachment-full size-full wp-image-438\" alt=\"\" srcset=\"https:\/\/avibrasaeroco.com\/wp-content\/uploads\/2026\/04\/avibras-materia-3.webp 1309w, https:\/\/avibrasaeroco.com\/wp-content\/uploads\/2026\/04\/avibras-materia-3-300x200.webp 300w, https:\/\/avibrasaeroco.com\/wp-content\/uploads\/2026\/04\/avibras-materia-3-1024x682.webp 1024w, https:\/\/avibrasaeroco.com\/wp-content\/uploads\/2026\/04\/avibras-materia-3-768x512.webp 768w\" sizes=\"(max-width: 1309px) 100vw, 1309px\" \/><\/a><\/figure><div class=\"elementor-image-box-content\"><h3 class=\"elementor-image-box-title\"><a href=\"https:\/\/avibrasaeroco.com\/en\/artigo-avibras-aeroco-marca-nova-fase-da-industria-de-defesa-e-aeroespacial-brasileira\/\">Avibras Aeroco heralds a new era for Brazil\u2019s defence and aerospace industry<\/a><\/h3><p class=\"elementor-image-box-description\">The company has been established as a Brazilian-owned enterprise with private Brazilian capital, focusing on sustainable growth and international expansion<br><br>\n\n<b>30\/04\/26<\/b><\/p><\/div><\/div>\t\t\t\t<\/div>\n\t\t\t\t<\/div>\n\t\t\t\t\t\t\t<h2 \n\t\tdata-interaction-id=\"1952ed6\" \n\t\tclass=\"h3 e-1952ed6-80e30e3 e-heading-base\" \n\t\t \n\t\tdata-e-type=\"widget\" data-id=\"1952ed6\"\n\t>\n\t\n\t\t\tContact Us\n\t\t<\/h2>\n\t\t\t\t\t\t\t\t<p class=\"e-paragraph-base\" data-interaction-id=\"d569eb0\"  data-e-type=\"widget\" data-id=\"d569eb0\">\n\t\t\t\t\t\t\t\tCorporate Communications\n\t\t\t\t\t<\/p>\n\t\t\t\t\t\t\t\t<p class=\"e-8c222af-60108ee e-paragraph-base\" data-interaction-id=\"8c222af\"  data-e-type=\"widget\" data-id=\"8c222af\">\n\t\t\t\t\t\t\t\tGraziela Marques<br><a target=\"_blank\" href=\"mailto:graziela.marques@avibras.com.br\"><u>graziela.marques@avibrasaeroco.com<\/u><\/a><br>Phone: +55 (12) 98842-7299\n\t\t\t\t\t<\/p>\n\t\t\t\t<\/div>\n\t\t\t\t\t<\/div>\n\t\t\t\t<\/div>\n\t\t\t\t<\/div>","protected":false},"excerpt":{"rendered":"<p>INOVA\u00c7\u00c3O EM DEFESA E TECNOLOGIA AEROESPACIAL Nota \u00e0 Imprensa Avibras Aeroco marca nova fase da ind\u00fastria de defesa e aeroespacial brasileira Empresa nasce como uma solu\u00e7\u00e3o nacional com capital privado brasileiro e foco em crescimento sustent\u00e1vel e expans\u00e3o internacional 30\/04\/26 Entre em contato conosco Comunica\u00e7\u00e3o Corporativa Graziela Marquesgraziela.marques@avibrasaeroco.comTel.: (12) 98842-7299<\/p>","protected":false},"author":1,"featured_media":0,"parent":0,"menu_order":0,"comment_status":"closed","ping_status":"closed","template":"","meta":{"footnotes":""},"class_list":["post-388","page","type-page","status-publish","hentry"],"_links":{"self":[{"href":"https:\/\/avibrasaeroco.com\/en\/wp-json\/wp\/v2\/pages\/388","targetHints":{"allow":["GET"]}}],"collection":[{"href":"https:\/\/avibrasaeroco.com\/en\/wp-json\/wp\/v2\/pages"}],"about":[{"href":"https:\/\/avibrasaeroco.com\/en\/wp-json\/wp\/v2\/types\/page"}],"author":[{"embeddable":true,"href":"https:\/\/avibrasaeroco.com\/en\/wp-json\/wp\/v2\/users\/1"}],"replies":[{"embeddable":true,"href":"https:\/\/avibrasaeroco.com\/en\/wp-json\/wp\/v2\/comments?post=388"}],"version-history":[{"count":52,"href":"https:\/\/avibrasaeroco.com\/en\/wp-json\/wp\/v2\/pages\/388\/revisions"}],"predecessor-version":[{"id":622,"href":"https:\/\/avibrasaeroco.com\/en\/wp-json\/wp\/v2\/pages\/388\/revisions\/622"}],"wp:attachment":[{"href":"https:\/\/avibrasaeroco.com\/en\/wp-json\/wp\/v2\/media?parent=388"}],"curies":[{"name":"wp","href":"https:\/\/api.w.org\/{rel}","templated":true}]}}