{"id":429,"date":"2026-04-28T20:49:25","date_gmt":"2026-04-28T20:49:25","guid":{"rendered":"https:\/\/avibrasaeroco.com\/?page_id=429"},"modified":"2026-04-30T14:19:15","modified_gmt":"2026-04-30T14:19:15","slug":"artigo-avibras-aeroco-marca-nova-fase-da-industria-de-defesa-e-aeroespacial-brasileira","status":"publish","type":"page","link":"https:\/\/avibrasaeroco.com\/en\/artigo-avibras-aeroco-marca-nova-fase-da-industria-de-defesa-e-aeroespacial-brasileira\/","title":{"rendered":"Artigo &#8211; Avibras Aeroco marca nova fase da ind\u00fastria de defesa e aeroespacial brasileira"},"content":{"rendered":"<div data-elementor-type=\"wp-page\" data-elementor-id=\"429\" class=\"elementor elementor-429\" data-elementor-post-type=\"page\">\n\t\t\t\t<div class=\"elementor-element elementor-element-ea507eb e-flex e-con-boxed e-con e-parent\" data-id=\"ea507eb\" data-element_type=\"container\" data-e-type=\"container\">\n\t\t\t\t\t<div class=\"e-con-inner\">\n\t\t\t\t<div class=\"elementor-element elementor-element-bdcd9e1 elementor-widget__width-auto elementor-widget elementor-widget-heading\" data-id=\"bdcd9e1\" data-element_type=\"widget\" data-e-type=\"widget\" data-widget_type=\"heading.default\">\n\t\t\t\t\t<span class=\"elementor-heading-title elementor-size-default\">Press Release<\/span>\t\t\t\t<\/div>\n\t\t\t\t<div class=\"elementor-element elementor-element-3f5044f elementor-widget elementor-widget-heading\" data-id=\"3f5044f\" data-element_type=\"widget\" data-e-type=\"widget\" data-widget_type=\"heading.default\">\n\t\t\t\t\t<h1 class=\"elementor-heading-title elementor-size-default\">Avibras Aeroco heralds a new era for Brazil\u2019s defence and aerospace industry <\/h1>\t\t\t\t<\/div>\n\t\t\t\t<div class=\"elementor-element elementor-element-ff44090 elementor-widget elementor-widget-heading\" data-id=\"ff44090\" data-element_type=\"widget\" data-e-type=\"widget\" data-widget_type=\"heading.default\">\n\t\t\t\t\t<h2 class=\"elementor-heading-title elementor-size-default\">The company has been established as a Brazilian-owned enterprise with private Brazilian capital, focusing on sustainable growth and international expansion <\/h2>\t\t\t\t<\/div>\n\t\t\t\t\t\t\t\n\t\t\t<img class=\"e-image-base e-22d2796-6abafc7\" \n\t\t\t\t\tdata-interaction-id=\"22d2796\" \n\t\t \n\t\t data-e-type=\"widget\" data-id=\"22d2796\"\n\t\t\t\t\t\t\t\t\tid=\"425\"\n\t\t\t\t\t\t\t\t\t\t\t\tsrc=\"https:\/\/avibrasaeroco.com\/wp-content\/uploads\/2026\/04\/avibras-noticia.webp\"\n\t\t\t\t\t\t\t\t\t\t\t\twidth=\"872\"\n\t\t\t\t\t\t\t\t\t\t\t\theight=\"872\"\n\t\t\t\t\t\t\t\t\t\t\t\tsrcset=\"https:\/\/avibrasaeroco.com\/wp-content\/uploads\/2026\/04\/avibras-noticia.webp 872w, https:\/\/avibrasaeroco.com\/wp-content\/uploads\/2026\/04\/avibras-noticia-300x300.webp 300w, https:\/\/avibrasaeroco.com\/wp-content\/uploads\/2026\/04\/avibras-noticia-150x150.webp 150w, https:\/\/avibrasaeroco.com\/wp-content\/uploads\/2026\/04\/avibras-noticia-768x768.webp 768w\"\n\t\t\t\t\t\t\t\t\t\t\t\talt=\"\"\n\t\t\t\t\t\t\/>\n\t\t\t\t\t<div class=\"elementor-element elementor-element-7103dff elementor-widget elementor-widget-text-editor\" data-id=\"7103dff\" data-element_type=\"widget\" data-e-type=\"widget\" data-widget_type=\"text-editor.default\">\n\t\t\t\t\t\t\t\t\t<p>Avibras Aeroco has officially commenced operations, bringing together strategic assets and a consolidated technological portfolio of products, services and systems from Avibras Ind\u00fastria Aeroespacial. Established as a new company, it begins its activities with solid foundations in governance, financial structure and operations, aligned with the current challenges facing the Defence and Aerospace sectors and the interests of its customers, employees and Brazil.<\/p><p>Operating globally, the company designs, develops, manufactures and markets defence systems and civil space solutions, including missiles, rockets, special vehicles and space launchers. The company possesses expertise in critical propulsion technologies and the integration of complex systems, supported by a robust industrial base and high standards of quality and performance.<\/p><p>Engineering, industrial, and product certification capabilities in the areas of propulsion and systems integration make Avibras Aeroco a unique, highly sought-after, and highly valued asset for multiple nations\u2014one that is difficult to obtain given the restrictions on the transfer of this type of knowledge. The current global context, marked by instability and unpredictability, makes these capabilities essential for Brazil and for its clients in the geopolitical landscape.<\/p><p>Internationally recognised for its engineering expertise and innovation, the company builds on a technological legacy developed over decades, such as the ASTROS Artillery System, a well-established product on the market and combat-proven, and is moving forward with new developments in the certification phase, such as the Tactical Cruise Missile (TCM) with a range of 300 kilometres, as well as the launch of the Tactical Ballistic Missile (TBM), with a range exceeding 100 kilometres.<\/p><p>More than just technology, Avibras Aeroco is driven by the talent of its professionals, the creation of highly skilled jobs, and the development of reliable and innovative solutions that strengthen the security and sovereignty of its customers.<\/p><p><b>Expertise and strategic vision<\/b> &#8211; \u00c0 frente da Avibras Aeroco como Diretor-Presidente est\u00e1 Sami Hassuani, engenheiro com mais de 40 anos de trajet\u00f3ria nos setores de defesa e aeroespacial, que assume a presid\u00eancia com a miss\u00e3o de conduzir o desenvolvimento da empresa, com foco no crescimento sustent\u00e1vel e na expans\u00e3o para novos mercados.<\/p><p>\u201cBringing consistency and strategic vision to the business is fundamental to Avibras Aeroco\u2019s development, especially in a sector that demands long-term planning, relationships built on trust, and continuity in partnerships. I believe in the importance of aligning technology with purpose, and of reinforcing the role of solutions developed to meet our clients\u2019 operational and strategic needs,\u201d emphasised Hassuani.<\/p><p>The company will soon hold an event to celebrate this important milestone.<\/p>\t\t\t\t\t\t\t\t<\/div>\n\t\t\t\t<div class=\"elementor-element elementor-element-b1a9a6c elementor-widget elementor-widget-image\" data-id=\"b1a9a6c\" data-element_type=\"widget\" data-e-type=\"widget\" data-widget_type=\"image.default\">\n\t\t\t\t\t\t\t\t\t\t\t\t\t\t\t<img fetchpriority=\"high\" decoding=\"async\" width=\"1314\" height=\"872\" src=\"https:\/\/avibrasaeroco.com\/wp-content\/uploads\/2026\/04\/avibras-materia-2.webp\" class=\"attachment-full size-full wp-image-437\" alt=\"\" srcset=\"https:\/\/avibrasaeroco.com\/wp-content\/uploads\/2026\/04\/avibras-materia-2.webp 1314w, https:\/\/avibrasaeroco.com\/wp-content\/uploads\/2026\/04\/avibras-materia-2-300x199.webp 300w, https:\/\/avibrasaeroco.com\/wp-content\/uploads\/2026\/04\/avibras-materia-2-1024x680.webp 1024w, https:\/\/avibrasaeroco.com\/wp-content\/uploads\/2026\/04\/avibras-materia-2-768x510.webp 768w\" sizes=\"(max-width: 1314px) 100vw, 1314px\" \/>\t\t\t\t\t\t\t\t\t\t\t\t\t\t\t<\/div>\n\t\t\t\t<div class=\"elementor-element elementor-element-419f472 elementor-widget elementor-widget-heading\" data-id=\"419f472\" data-element_type=\"widget\" data-e-type=\"widget\" data-widget_type=\"heading.default\">\n\t\t\t\t\t<h2 class=\"elementor-heading-title elementor-size-default\">About us<\/h2>\t\t\t\t<\/div>\n\t\t\t\t<div class=\"elementor-element elementor-element-501dd88 elementor-widget elementor-widget-text-editor\" data-id=\"501dd88\" data-element_type=\"widget\" data-e-type=\"widget\" data-widget_type=\"text-editor.default\">\n\t\t\t\t\t\t\t\t\t<p>Avibras Aeroco is a Brazilian high-tech company operating in the defence and space sectors. The company designs, develops, manufactures and markets defence and space systems, including missiles, rockets, special vehicles and civil space launchers. With a global presence, it masters critical propulsion technologies and the integration of complex systems, contributing to the strengthening of the Defence Industrial Base and to the technological advancement of Brazil and its partner nations.&nbsp;<\/p>\t\t\t\t\t\t\t\t<\/div>\n\t\t\t\t<div class=\"elementor-element elementor-element-84554c2 elementor-widget elementor-widget-text-editor\" data-id=\"84554c2\" data-element_type=\"widget\" data-e-type=\"widget\" data-widget_type=\"text-editor.default\">\n\t\t\t\t\t\t\t\t\t<p><strong>Corporate Communications - Avibras Aeroco <\/strong><br \/><strong>Graziela Marques<\/strong> <br \/>E-mail: graziela.marques@avibrasaeroco.com <br \/>Phone: +55 (12) 98842-7299 <br \/>Website: www.avibrasaeroco.com<\/p>\t\t\t\t\t\t\t\t<\/div>\n\t\t\t\t\t<\/div>\n\t\t\t\t<\/div>\n\t\t\t\t<\/div>","protected":false},"excerpt":{"rendered":"<p>Nota \u00e0 Imprensa Avibras Aeroco marca nova fase da ind\u00fastria de defesa e aeroespacial brasileira Empresa nasce como uma solu\u00e7\u00e3o nacional com capital privado brasileiro e foco em crescimento sustent\u00e1vel e expans\u00e3o internacional A Avibras Aeroco iniciou oficialmente suas opera\u00e7\u00f5es, reunindo ativos estrat\u00e9gicos e um portf\u00f3lio tecnol\u00f3gico consolidado de produtos, servi\u00e7os e sistemas da Avibras [&hellip;]<\/p>\n","protected":false},"author":1,"featured_media":0,"parent":0,"menu_order":0,"comment_status":"closed","ping_status":"closed","template":"","meta":{"footnotes":""},"class_list":["post-429","page","type-page","status-publish","hentry"],"_links":{"self":[{"href":"https:\/\/avibrasaeroco.com\/en\/wp-json\/wp\/v2\/pages\/429","targetHints":{"allow":["GET"]}}],"collection":[{"href":"https:\/\/avibrasaeroco.com\/en\/wp-json\/wp\/v2\/pages"}],"about":[{"href":"https:\/\/avibrasaeroco.com\/en\/wp-json\/wp\/v2\/types\/page"}],"author":[{"embeddable":true,"href":"https:\/\/avibrasaeroco.com\/en\/wp-json\/wp\/v2\/users\/1"}],"replies":[{"embeddable":true,"href":"https:\/\/avibrasaeroco.com\/en\/wp-json\/wp\/v2\/comments?post=429"}],"version-history":[{"count":37,"href":"https:\/\/avibrasaeroco.com\/en\/wp-json\/wp\/v2\/pages\/429\/revisions"}],"predecessor-version":[{"id":656,"href":"https:\/\/avibrasaeroco.com\/en\/wp-json\/wp\/v2\/pages\/429\/revisions\/656"}],"wp:attachment":[{"href":"https:\/\/avibrasaeroco.com\/en\/wp-json\/wp\/v2\/media?parent=429"}],"curies":[{"name":"wp","href":"https:\/\/api.w.org\/{rel}","templated":true}]}}