{"id":473,"date":"2026-04-29T13:30:17","date_gmt":"2026-04-29T13:30:17","guid":{"rendered":"https:\/\/avibrasaeroco.com\/?page_id=473"},"modified":"2026-05-11T17:31:13","modified_gmt":"2026-05-11T17:31:13","slug":"imprensa","status":"publish","type":"page","link":"https:\/\/avibrasaeroco.com\/en\/imprensa\/","title":{"rendered":"Media Relations"},"content":{"rendered":"\t\t<div data-elementor-type=\"wp-page\" data-elementor-id=\"473\" class=\"elementor elementor-473\" data-elementor-post-type=\"page\">\n\t\t\t\t<div class=\"elementor-element elementor-element-449dc41 e-flex e-con-boxed e-con e-parent\" data-id=\"449dc41\" data-element_type=\"container\" data-e-type=\"container\" data-settings=\"{&quot;background_background&quot;:&quot;classic&quot;}\">\n\t\t\t\t\t<div class=\"e-con-inner\">\n\t\t\t\t<section class=\"elementor-element elementor-element-0adeaca e-con e-atomic-element e-flexbox-base e-0adeaca-ec3ec92\" data-id=\"0adeaca\" data-element_type=\"e-flexbox\" data-e-type=\"e-flexbox\" data-interaction-id=\"0adeaca\" data-e-type=\"e-flexbox\" data-id=\"0adeaca\">\n\t\t\t\t\t\t\t<h1 \n\t\tdata-interaction-id=\"5ca660b\" \n\t\tclass=\"tit-over-video e-heading-base\" \n\t\t \n\t\tdata-e-type=\"widget\" data-id=\"5ca660b\"\n\t>\n\t\n\t\t\tImprensa\n\t\t<\/h1>\n\t\t\t\t<\/section>\n\t\t\t\t\t<\/div>\n\t\t\t\t<\/div>\n\t\t<div class=\"elementor-element elementor-element-1e10391 e-flex e-con-boxed e-con e-parent\" data-id=\"1e10391\" data-element_type=\"container\" data-e-type=\"container\">\n\t\t\t\t\t<div class=\"e-con-inner\">\n\t\t\t\t<div class=\"elementor-element elementor-element-befb2db e-con e-atomic-element e-flexbox-base e-befb2db-82e57a6\" data-id=\"befb2db\" data-element_type=\"e-flexbox\" data-e-type=\"e-flexbox\" data-interaction-id=\"befb2db\" data-e-type=\"e-flexbox\" data-id=\"befb2db\">\n\t\t\t\t\t\t\t<h2 \n\t\tdata-interaction-id=\"82d3bfb\" \n\t\tclass=\"h2-geral e-heading-base\" \n\t\t \n\t\tdata-e-type=\"widget\" data-id=\"82d3bfb\"\n\t>\n\t\n\t\t\tEntre em contato conosco\n\t\t<\/h2>\n\t\t\t\t<div class=\"elementor-element elementor-element-89b102d elementor-widget elementor-widget-button\" data-id=\"89b102d\" data-element_type=\"widget\" data-e-type=\"widget\" data-widget_type=\"button.default\">\n\t\t\t\t\t\t\t\t\t\t<a class=\"elementor-button elementor-button-link elementor-size-sm\" href=\"#elementor-action%3Aaction%3Doff_canvas%3Aopen%26settings%3DeyJpZCI6ImFmNzVkZWQiLCJkaXNwbGF5TW9kZSI6Im9wZW4ifQ%3D%3D\">\n\t\t\t\t\t\t<span class=\"elementor-button-content-wrapper\">\n\t\t\t\t\t\t\t\t\t<span class=\"elementor-button-text\">Fa\u00e7a parte do nosso mailing de imprensa<\/span>\n\t\t\t\t\t<\/span>\n\t\t\t\t\t<\/a>\n\t\t\t\t\t\t\t\t<\/div>\n\t\t\t\t<\/div>\n\t\t\t\t<div class=\"elementor-element elementor-element-ba66d31 e-con e-atomic-element e-flexbox-base e-ba66d31-e4484fc\" data-id=\"ba66d31\" data-element_type=\"e-flexbox\" data-e-type=\"e-flexbox\" data-interaction-id=\"ba66d31\" data-e-type=\"e-flexbox\" data-id=\"ba66d31\">\n\t\t\t\t\t\t\t\t<p class=\"e-paragraph-base\" data-interaction-id=\"963eb83\"  data-e-type=\"widget\" data-id=\"963eb83\">\n\t\t\t\t\t\t\t\tComunica\u00e7\u00e3o Corporativa\n\t\t\t\t\t<\/p>\n\t\t\t\t\t\t\t\t<p class=\"e-e29023f-b05ad99 e-paragraph-base\" data-interaction-id=\"e29023f\"  data-e-type=\"widget\" data-id=\"e29023f\">\n\t\t\t\t\t\t\t\tGraziela Marques<br><a target=\"_blank\" href=\"mailto:graziela.marques@avibras.com.br\"><u>graziela.marques@avibrasaeroco.com<\/u><\/a>\n\t\t\t\t\t<\/p>\n\t\t\t\t<\/div>\n\t\t\t\t\t\t\t\t<p class=\"e-07d2cac-5d4da39 e-paragraph-base\" data-interaction-id=\"07d2cac\"  data-e-type=\"widget\" data-id=\"07d2cac\">\n\t\t\t\t\t\t\t\tTelefone: (12) 98842-7299\n\t\t\t\t\t<\/p>\n\t\t\t\t<div class=\"elementor-element elementor-element-af75ded elementor-widget elementor-widget-off-canvas\" data-id=\"af75ded\" data-element_type=\"widget\" data-e-type=\"widget\" data-settings=\"{&quot;entrance_animation&quot;:&quot;fadeInRight&quot;,&quot;exit_animation&quot;:&quot;fadeInRight&quot;}\" data-widget_type=\"off-canvas.default\">\n\t\t\t\t\t\t\t<div id=\"off-canvas-af75ded\" class=\"e-off-canvas\" role=\"dialog\" aria-hidden=\"true\" aria-label=\"over_form\" aria-modal=\"true\" inert=\"\" data-delay-child-handlers=\"true\">\n\t\t\t<div class=\"e-off-canvas__overlay\"><\/div>\n\t\t\t<div class=\"e-off-canvas__main\">\n\t\t\t\t<div class=\"e-off-canvas__content\">\n\t\t\t\t\t<div class=\"elementor-element elementor-element-5c3d18f e-con-full e-flex e-con e-child\" data-id=\"5c3d18f\" data-element_type=\"container\" data-e-type=\"container\">\n\t\t\t\t<div class=\"elementor-element elementor-element-ed8d541 elementor-view-default elementor-widget elementor-widget-icon\" data-id=\"ed8d541\" data-element_type=\"widget\" data-e-type=\"widget\" data-widget_type=\"icon.default\">\n\t\t\t\t\t\t\t<div class=\"elementor-icon-wrapper\">\n\t\t\t<a class=\"elementor-icon\" href=\"#elementor-action%3Aaction%3Doff_canvas%3Aclose%26settings%3DeyJpZCI6ImFmNzVkZWQiLCJkaXNwbGF5TW9kZSI6ImNsb3NlIn0%3D\">\n\t\t\t<svg aria-hidden=\"true\" class=\"e-font-icon-svg e-far-window-close\" viewBox=\"0 0 512 512\" xmlns=\"http:\/\/www.w3.org\/2000\/svg\"><path d=\"M464 32H48C21.5 32 0 53.5 0 80v352c0 26.5 21.5 48 48 48h416c26.5 0 48-21.5 48-48V80c0-26.5-21.5-48-48-48zm0 394c0 3.3-2.7 6-6 6H54c-3.3 0-6-2.7-6-6V86c0-3.3 2.7-6 6-6h404c3.3 0 6 2.7 6 6v340zM356.5 194.6L295.1 256l61.4 61.4c4.6 4.6 4.6 12.1 0 16.8l-22.3 22.3c-4.6 4.6-12.1 4.6-16.8 0L256 295.1l-61.4 61.4c-4.6 4.6-12.1 4.6-16.8 0l-22.3-22.3c-4.6-4.6-4.6-12.1 0-16.8l61.4-61.4-61.4-61.4c-4.6-4.6-4.6-12.1 0-16.8l22.3-22.3c4.6-4.6 12.1-4.6 16.8 0l61.4 61.4 61.4-61.4c4.6-4.6 12.1-4.6 16.8 0l22.3 22.3c4.7 4.6 4.7 12.1 0 16.8z\"><\/path><\/svg>\t\t\t<\/a>\n\t\t<\/div>\n\t\t\t\t\t\t<\/div>\n\t\t\t\t<div class=\"elementor-element elementor-element-6c16454 e-con e-atomic-element e-div-block-base e-6c16454-78f7bb5\" data-id=\"6c16454\" data-element_type=\"e-div-block\" data-e-type=\"e-div-block\" data-interaction-id=\"6c16454\" data-e-type=\"e-div-block\" data-id=\"6c16454\">\n\t\t\t\t\t\t\t<h2 \n\t\tdata-interaction-id=\"5da0e67\" \n\t\tclass=\"h2-geral e-5da0e67-d61abc4 e-heading-base\" \n\t\t \n\t\tdata-e-type=\"widget\" data-id=\"5da0e67\"\n\t>\n\t\n\t\t\t<strong>Preencha o formul\u00e1rio abaixo para fazer parte da nossa lista de distribui\u00e7\u00e3o para a imprensa<\/strong>\n\t\t<\/h2>\n\t\t\t\t<div class=\"elementor-element elementor-element-7ff9c26 elementor-button-align-start elementor-widget elementor-widget-form\" data-id=\"7ff9c26\" data-element_type=\"widget\" data-e-type=\"widget\" data-settings=\"{&quot;step_next_label&quot;:&quot;Pr\\u00f3ximo&quot;,&quot;step_previous_label&quot;:&quot;Anterior&quot;,&quot;button_width&quot;:&quot;100&quot;,&quot;step_type&quot;:&quot;number_text&quot;,&quot;step_icon_shape&quot;:&quot;circle&quot;}\" data-widget_type=\"form.default\">\n\t\t\t\t\t\t\t<form class=\"elementor-form\" method=\"post\" name=\"form imprensa\" aria-label=\"form imprensa\">\n\t\t\t<input type=\"hidden\" name=\"post_id\" value=\"473\"\/>\n\t\t\t<input type=\"hidden\" name=\"form_id\" value=\"7ff9c26\"\/>\n\t\t\t<input type=\"hidden\" name=\"referer_title\" value=\"\" \/>\n\n\t\t\t\n\t\t\t<div class=\"elementor-form-fields-wrapper elementor-labels-\">\n\t\t\t\t\t\t\t\t<div class=\"elementor-field-type-text elementor-field-group elementor-column elementor-field-group-name elementor-col-100 elementor-field-required\">\n\t\t\t\t\t\t\t\t\t\t\t\t<label for=\"form-field-name\" class=\"elementor-field-label elementor-screen-only\">\n\t\t\t\t\t\t\t\tNome\t\t\t\t\t\t\t<\/label>\n\t\t\t\t\t\t\t\t\t\t\t\t\t\t<input size=\"1\" type=\"text\" name=\"form_fields[name]\" id=\"form-field-name\" class=\"elementor-field elementor-size-sm  elementor-field-textual\" placeholder=\"Nome\" required=\"required\">\n\t\t\t\t\t\t\t\t\t\t\t<\/div>\n\t\t\t\t\t\t\t\t<div class=\"elementor-field-type-email elementor-field-group elementor-column elementor-field-group-email elementor-col-100 elementor-field-required\">\n\t\t\t\t\t\t\t\t\t\t\t\t<label for=\"form-field-email\" class=\"elementor-field-label elementor-screen-only\">\n\t\t\t\t\t\t\t\tE-mail\t\t\t\t\t\t\t<\/label>\n\t\t\t\t\t\t\t\t\t\t\t\t\t\t<input size=\"1\" type=\"email\" name=\"form_fields[email]\" id=\"form-field-email\" class=\"elementor-field elementor-size-sm  elementor-field-textual\" placeholder=\"E-mail\" required=\"required\">\n\t\t\t\t\t\t\t\t\t\t\t<\/div>\n\t\t\t\t\t\t\t\t<div class=\"elementor-field-type-tel elementor-field-group elementor-column elementor-field-group-field_e237041 elementor-col-100\">\n\t\t\t\t\t\t\t\t\t\t\t\t<label for=\"form-field-field_e237041\" class=\"elementor-field-label elementor-screen-only\">\n\t\t\t\t\t\t\t\tTelefone\t\t\t\t\t\t\t<\/label>\n\t\t\t\t\t\t\t\t<input size=\"1\" type=\"tel\" name=\"form_fields[field_e237041]\" id=\"form-field-field_e237041\" class=\"elementor-field elementor-size-sm  elementor-field-textual\" placeholder=\"Telefone\" pattern=\"[0-9()#&amp;+*-=.]+\" title=\"Only numbers and phone characters (#, -, *, etc) are accepted.\">\n\n\t\t\t\t\t\t<\/div>\n\t\t\t\t\t\t\t\t<div class=\"elementor-field-type-text elementor-field-group elementor-column elementor-field-group-field_574c306 elementor-col-100 elementor-field-required\">\n\t\t\t\t\t\t\t\t\t\t\t\t<label for=\"form-field-field_574c306\" class=\"elementor-field-label elementor-screen-only\">\n\t\t\t\t\t\t\t\tVeiculo\t\t\t\t\t\t\t<\/label>\n\t\t\t\t\t\t\t\t\t\t\t\t\t\t<input size=\"1\" type=\"text\" name=\"form_fields[field_574c306]\" id=\"form-field-field_574c306\" class=\"elementor-field elementor-size-sm  elementor-field-textual\" placeholder=\"Ve\u00edculo de Comunica\u00e7\u00e3o\" required=\"required\">\n\t\t\t\t\t\t\t\t\t\t\t<\/div>\n\t\t\t\t\t\t\t\t<div class=\"elementor-field-type-acceptance elementor-field-group elementor-column elementor-field-group-field_db0fb4c elementor-col-100 elementor-field-required\">\n\t\t\t\t\t\t\t\t\t\t\t\t<label for=\"form-field-field_db0fb4c\" class=\"elementor-field-label elementor-screen-only\">\n\t\t\t\t\t\t\t\tAceite\t\t\t\t\t\t\t<\/label>\n\t\t\t\t\t\t\t\t<div class=\"elementor-field-subgroup\">\n\t\t\t<span class=\"elementor-field-option\">\n\t\t\t\t<input type=\"checkbox\" name=\"form_fields[field_db0fb4c]\" id=\"form-field-field_db0fb4c\" class=\"elementor-field elementor-size-sm  elementor-acceptance-field\" required=\"required\">\n\t\t\t\t<label for=\"form-field-field_db0fb4c\">Eu concordo com a Pol\u00edtica de Privacidade\n\n<\/label>\t\t\t<\/span>\n\t\t<\/div>\n\t\t\t\t\t\t<\/div>\n\t\t\t\t\t\t\t\t<div class=\"elementor-field-group elementor-column elementor-field-type-submit elementor-col-100 e-form__buttons\">\n\t\t\t\t\t<button class=\"elementor-button elementor-size-sm\" type=\"submit\">\n\t\t\t\t\t\t<span class=\"elementor-button-content-wrapper\">\n\t\t\t\t\t\t\t\t\t\t\t\t\t\t\t\t\t\t\t\t\t\t<span class=\"elementor-button-text\">Enviar<\/span>\n\t\t\t\t\t\t\t\t\t\t\t\t\t<\/span>\n\t\t\t\t\t<\/button>\n\t\t\t\t<\/div>\n\t\t\t<\/div>\n\t\t<\/form>\n\t\t\t\t\t\t<\/div>\n\t\t\t\t<\/div>\n\t\t\t\t<\/div>\n\t\t\t\t\t\t<\/div>\n\t\t\t<\/div>\n\t\t<\/div>\n\t\t\t\t\t\t<\/div>\n\t\t\t\t\t<\/div>\n\t\t\t\t<\/div>\n\t\t\t\t<\/div>\n\t\t","protected":false},"excerpt":{"rendered":"<p>Imprensa Entre em contato conosco Fa\u00e7a parte do nosso mailing de imprensa Comunica\u00e7\u00e3o Corporativa Graziela Marquesgraziela.marques@avibrasaeroco.com Telefone: (12) 98842-7299 Preencha o formul\u00e1rio abaixo para fazer parte da nossa lista de distribui\u00e7\u00e3o para a imprensa Nome E-mail Telefone Veiculo Aceite Eu concordo com a Pol\u00edtica de Privacidade Enviar Preencha o formul\u00e1rio abaixo para fazer parte da [&hellip;]<\/p>\n","protected":false},"author":1,"featured_media":0,"parent":0,"menu_order":0,"comment_status":"closed","ping_status":"closed","template":"","meta":{"footnotes":""},"class_list":["post-473","page","type-page","status-publish","hentry"],"_links":{"self":[{"href":"https:\/\/avibrasaeroco.com\/en\/wp-json\/wp\/v2\/pages\/473","targetHints":{"allow":["GET"]}}],"collection":[{"href":"https:\/\/avibrasaeroco.com\/en\/wp-json\/wp\/v2\/pages"}],"about":[{"href":"https:\/\/avibrasaeroco.com\/en\/wp-json\/wp\/v2\/types\/page"}],"author":[{"embeddable":true,"href":"https:\/\/avibrasaeroco.com\/en\/wp-json\/wp\/v2\/users\/1"}],"replies":[{"embeddable":true,"href":"https:\/\/avibrasaeroco.com\/en\/wp-json\/wp\/v2\/comments?post=473"}],"version-history":[{"count":18,"href":"https:\/\/avibrasaeroco.com\/en\/wp-json\/wp\/v2\/pages\/473\/revisions"}],"predecessor-version":[{"id":821,"href":"https:\/\/avibrasaeroco.com\/en\/wp-json\/wp\/v2\/pages\/473\/revisions\/821"}],"wp:attachment":[{"href":"https:\/\/avibrasaeroco.com\/en\/wp-json\/wp\/v2\/media?parent=473"}],"curies":[{"name":"wp","href":"https:\/\/api.w.org\/{rel}","templated":true}]}}