{"id":481,"date":"2026-04-29T13:43:39","date_gmt":"2026-04-29T13:43:39","guid":{"rendered":"https:\/\/avibrasaeroco.com\/?page_id=481"},"modified":"2026-05-11T17:30:39","modified_gmt":"2026-05-11T17:30:39","slug":"contato","status":"publish","type":"page","link":"https:\/\/avibrasaeroco.com\/en\/contato\/","title":{"rendered":"Contact us"},"content":{"rendered":"<div data-elementor-type=\"wp-page\" data-elementor-id=\"481\" class=\"elementor elementor-481\" data-elementor-post-type=\"page\">\n\t\t\t\t<div class=\"elementor-element elementor-element-449dc41 e-flex e-con-boxed e-con e-parent\" data-id=\"449dc41\" data-element_type=\"container\" data-e-type=\"container\" data-settings=\"{&quot;background_background&quot;:&quot;classic&quot;}\">\n\t\t\t\t\t<div class=\"e-con-inner\">\n\t\t\t\t<section class=\"elementor-element elementor-element-0adeaca e-con e-atomic-element e-flexbox-base e-0adeaca-ec3ec92\" data-id=\"0adeaca\" data-element_type=\"e-flexbox\" data-e-type=\"e-flexbox\" data-interaction-id=\"0adeaca\">\n\t\t\t\t\t\t\t<h1 \n\t\tdata-interaction-id=\"5ca660b\" \n\t\tclass=\"e-5ca660b-5271c64 tit-over-video e-heading-base\" \n\t\t \n\t\tdata-e-type=\"widget\" data-id=\"5ca660b\"\n\t>\n\t\n\t\t\tContact us\n\t\t<\/h1>\n\t\t\t\t<\/section>\n\t\t\t\t\t<\/div>\n\t\t\t\t<\/div>\n\t\t<div class=\"elementor-element elementor-element-9252db9 e-flex e-con-boxed e-con e-parent\" data-id=\"9252db9\" data-element_type=\"container\" data-e-type=\"container\">\n\t\t\t\t\t<div class=\"e-con-inner\">\n\t\t\t\t<div class=\"elementor-element elementor-element-34afa15 e-con e-atomic-element e-flexbox-base e-34afa15-e3acb63\" data-id=\"34afa15\" data-element_type=\"e-flexbox\" data-e-type=\"e-flexbox\" data-interaction-id=\"34afa15\">\n\t\t\t\t<div class=\"elementor-element elementor-element-cb7e6fe e-con e-atomic-element e-flexbox-base e-cb7e6fe-06ac743\" data-id=\"cb7e6fe\" data-element_type=\"e-flexbox\" data-e-type=\"e-flexbox\" data-interaction-id=\"cb7e6fe\">\n\t\t\t\t\t\t\t<h4 \n\t\tdata-interaction-id=\"2cf5ed1\" \n\t\tclass=\"h4-tit e-2cf5ed1-01029ca e-heading-base\" \n\t\t \n\t\tdata-e-type=\"widget\" data-id=\"2cf5ed1\"\n\t>\n\t\n\t\t\tJacare\u00ed Headquarters\n\t\t<\/h4>\n\t\t\t\t<div class=\"elementor-element elementor-element-157b675 elementor-position-inline-start elementor-view-default elementor-mobile-position-block-start elementor-widget elementor-widget-icon-box\" data-id=\"157b675\" data-element_type=\"widget\" data-e-type=\"widget\" data-widget_type=\"icon-box.default\">\n\t\t\t\t\t\t\t<div class=\"elementor-icon-box-wrapper\">\n\n\t\t\t\t\t\t<div class=\"elementor-icon-box-icon\">\n\t\t\t\t<span  class=\"elementor-icon\">\n\t\t\t\t<svg xmlns=\"http:\/\/www.w3.org\/2000\/svg\" width=\"48\" height=\"48\" viewbox=\"0 0 48 48\" fill=\"none\"><path d=\"M0 9.99999C0 4.47715 4.47715 0 10 0H37.9972C43.52 0 47.9972 4.47715 47.9972 10V37.9972C47.9972 43.52 43.52 47.9972 37.9972 47.9972H9.99999C4.47715 47.9972 0 43.52 0 37.9972V9.99999Z\" fill=\"#E9EBEF\"><\/path><path d=\"M31.9899 21.9962C31.9899 26.9876 26.4526 32.1861 24.5931 33.7916C24.4199 33.9219 24.209 33.9923 23.9923 33.9923C23.7755 33.9923 23.5646 33.9219 23.3914 33.7916C21.532 32.1861 15.9946 26.9876 15.9946 21.9962C15.9946 19.8751 16.8372 17.8408 18.3371 16.341C19.8369 14.8411 21.8712 13.9985 23.9923 13.9985C26.1134 13.9985 28.1476 14.8411 29.6475 16.341C31.1473 17.8408 31.9899 19.8751 31.9899 21.9962Z\" stroke=\"#0A0A0A\" stroke-width=\"1.99941\" stroke-linecap=\"round\"><\/path><path d=\"M23.9923 24.9956C25.6487 24.9956 26.9915 23.6528 26.9915 21.9964C26.9915 20.3399 25.6487 18.9971 23.9923 18.9971C22.3358 18.9971 20.9929 20.3399 20.9929 21.9964C20.9929 23.6528 22.3358 24.9956 23.9923 24.9956Z\" stroke=\"#0A0A0A\" stroke-width=\"1.99941\" stroke-linecap=\"round\"><\/path><\/svg>\t\t\t\t<\/span>\n\t\t\t<\/div>\n\t\t\t\n\t\t\t\t\t\t<div class=\"elementor-icon-box-content\">\n\n\t\t\t\t\t\t\t\t\t<h3 class=\"elementor-icon-box-title\">\n\t\t\t\t\t\t<span  >\n\t\t\t\t\t\t\tAddress\t\t\t\t\t\t<\/span>\n\t\t\t\t\t<\/h3>\n\t\t\t\t\n\t\t\t\t\t\t\t\t\t<p class=\"elementor-icon-box-description translation-block\">Rodovia dos Tamoios, Km 14. <br>\nVaradouro Road, 1200.  <br>\nZIP Code: 12315-020. P.O. Box 278. <br>\nJacare\u00ed- S\u00e3o Paulo - Brazil<\/p>\n\t\t\t\t\n\t\t\t<\/div>\n\t\t\t\n\t\t<\/div>\n\t\t\t\t\t\t<\/div>\n\t\t\t\t<div class=\"elementor-element elementor-element-ca99840 elementor-position-inline-start elementor-view-default elementor-mobile-position-block-start elementor-widget elementor-widget-icon-box\" data-id=\"ca99840\" data-element_type=\"widget\" data-e-type=\"widget\" data-widget_type=\"icon-box.default\">\n\t\t\t\t\t\t\t<div class=\"elementor-icon-box-wrapper\">\n\n\t\t\t\t\t\t<div class=\"elementor-icon-box-icon\">\n\t\t\t\t<span  class=\"elementor-icon\">\n\t\t\t\t<svg xmlns=\"http:\/\/www.w3.org\/2000\/svg\" width=\"48\" height=\"48\" viewbox=\"0 0 48 48\" fill=\"none\"><path d=\"M0 9.99999C0 4.47715 4.47715 0 10 0H37.9972C43.52 0 47.9972 4.47715 47.9972 10V37.9972C47.9972 43.52 43.52 47.9972 37.9972 47.9972H9.99999C4.47715 47.9972 0 43.52 0 37.9972V9.99999Z\" fill=\"#E9EBEF\"><\/path><path d=\"M31.9898 15.998H15.9945C14.8903 15.998 13.9951 16.8932 13.9951 17.9975V29.9939C13.9951 31.0981 14.8903 31.9934 15.9945 31.9934H31.9898C33.0941 31.9934 33.9892 31.0981 33.9892 29.9939V17.9975C33.9892 16.8932 33.0941 15.998 31.9898 15.998Z\" stroke=\"#0A0A0A\" stroke-width=\"1.99941\" stroke-linecap=\"round\"><\/path><path d=\"M33.9892 18.9971L25.0218 24.6954C24.7133 24.8888 24.3564 24.9913 23.9922 24.9913C23.6279 24.9913 23.2711 24.8888 22.9625 24.6954L13.9951 18.9971\" stroke=\"#0A0A0A\" stroke-width=\"1.99941\" stroke-linecap=\"round\"><\/path><\/svg>\t\t\t\t<\/span>\n\t\t\t<\/div>\n\t\t\t\n\t\t\t\t\t\t<div class=\"elementor-icon-box-content\">\n\n\t\t\t\t\t\t\t\t\t<h3 class=\"elementor-icon-box-title\">\n\t\t\t\t\t\t<span  >\n\t\t\t\t\t\t\tE-mail\t\t\t\t\t\t<\/span>\n\t\t\t\t\t<\/h3>\n\t\t\t\t\n\t\t\t\t\t\t\t\t\t<p class=\"elementor-icon-box-description\">\n\t\t\t\t\t\tcontato@avibrasaeroco.com\t\t\t\t\t<\/p>\n\t\t\t\t\n\t\t\t<\/div>\n\t\t\t\n\t\t<\/div>\n\t\t\t\t\t\t<\/div>\n\t\t\t\t<\/div>\n\t\t\t\t<div class=\"elementor-element elementor-element-1424e8d e-con e-atomic-element e-flexbox-base\" data-id=\"1424e8d\" data-element_type=\"e-flexbox\" data-e-type=\"e-flexbox\" data-interaction-id=\"1424e8d\">\n\t\t\t\t<div class=\"elementor-element elementor-element-741c69c elementor-widget elementor-widget-google_maps\" data-id=\"741c69c\" data-element_type=\"widget\" data-e-type=\"widget\" data-widget_type=\"google_maps.default\">\n\t\t\t\t\t\t\t<div class=\"elementor-custom-embed\">\n\t\t\t<iframe loading=\"lazy\"\n\t\t\t\t\tsrc=\"https:\/\/maps.google.com\/maps?q=Rodovia%20dos%20Tamoios%2C%20Km%2014.%20-%20Estrada%20Varadouro%2C%201200.%20%20%20CEP%3A%2012315-020.&#038;t=m&#038;z=10&#038;output=embed&#038;iwloc=near\"\n\t\t\t\t\ttitle=\"Rodovia dos Tamoios, Km 14. - Estrada Varadouro, 1200.   CEP: 12315-020.\"\n\t\t\t\t\taria-label=\"Rodovia dos Tamoios, Km 14. - Estrada Varadouro, 1200.   CEP: 12315-020.\"\n\t\t\t><\/iframe>\n\t\t<\/div>\n\t\t\t\t\t\t<\/div>\n\t\t\t\t<\/div>\n\t\t\t\t<\/div>\n\t\t\t\t<div class=\"elementor-element elementor-element-df3be50 e-con e-atomic-element e-flexbox-base e-df3be50-e197eec\" data-id=\"df3be50\" data-element_type=\"e-flexbox\" data-e-type=\"e-flexbox\" data-interaction-id=\"df3be50\">\n\t\t\t\t<div class=\"elementor-element elementor-element-4838c1c e-con e-atomic-element e-flexbox-base e-4838c1c-944333f\" data-id=\"4838c1c\" data-element_type=\"e-flexbox\" data-e-type=\"e-flexbox\" data-interaction-id=\"4838c1c\">\n\t\t\t\t\t\t\t<h4 \n\t\tdata-interaction-id=\"94614f6\" \n\t\tclass=\"h4-tit e-94614f6-1333cb3 e-heading-base\" \n\t\t \n\t\tdata-e-type=\"widget\" data-id=\"94614f6\"\n\t>\n\t\n\t\t\tLorena Unit\n\t\t<\/h4>\n\t\t\t\t<div class=\"elementor-element elementor-element-08e24f8 elementor-position-inline-start elementor-view-default elementor-mobile-position-block-start elementor-widget elementor-widget-icon-box\" data-id=\"08e24f8\" data-element_type=\"widget\" data-e-type=\"widget\" data-widget_type=\"icon-box.default\">\n\t\t\t\t\t\t\t<div class=\"elementor-icon-box-wrapper\">\n\n\t\t\t\t\t\t<div class=\"elementor-icon-box-icon\">\n\t\t\t\t<span  class=\"elementor-icon\">\n\t\t\t\t<svg xmlns=\"http:\/\/www.w3.org\/2000\/svg\" width=\"48\" height=\"48\" viewbox=\"0 0 48 48\" fill=\"none\"><path d=\"M0 9.99999C0 4.47715 4.47715 0 10 0H37.9972C43.52 0 47.9972 4.47715 47.9972 10V37.9972C47.9972 43.52 43.52 47.9972 37.9972 47.9972H9.99999C4.47715 47.9972 0 43.52 0 37.9972V9.99999Z\" fill=\"#E9EBEF\"><\/path><path d=\"M31.9899 21.9962C31.9899 26.9876 26.4526 32.1861 24.5931 33.7916C24.4199 33.9219 24.209 33.9923 23.9923 33.9923C23.7755 33.9923 23.5646 33.9219 23.3914 33.7916C21.532 32.1861 15.9946 26.9876 15.9946 21.9962C15.9946 19.8751 16.8372 17.8408 18.3371 16.341C19.8369 14.8411 21.8712 13.9985 23.9923 13.9985C26.1134 13.9985 28.1476 14.8411 29.6475 16.341C31.1473 17.8408 31.9899 19.8751 31.9899 21.9962Z\" stroke=\"#0A0A0A\" stroke-width=\"1.99941\" stroke-linecap=\"round\"><\/path><path d=\"M23.9923 24.9956C25.6487 24.9956 26.9915 23.6528 26.9915 21.9964C26.9915 20.3399 25.6487 18.9971 23.9923 18.9971C22.3358 18.9971 20.9929 20.3399 20.9929 21.9964C20.9929 23.6528 22.3358 24.9956 23.9923 24.9956Z\" stroke=\"#0A0A0A\" stroke-width=\"1.99941\" stroke-linecap=\"round\"><\/path><\/svg>\t\t\t\t<\/span>\n\t\t\t<\/div>\n\t\t\t\n\t\t\t\t\t\t<div class=\"elementor-icon-box-content\">\n\n\t\t\t\t\t\t\t\t\t<h3 class=\"elementor-icon-box-title\">\n\t\t\t\t\t\t<span  >\n\t\t\t\t\t\t\tAddress\t\t\t\t\t\t<\/span>\n\t\t\t\t\t<\/h3>\n\t\t\t\t\n\t\t\t\t\t\t\t\t\t<p class=\"elementor-icon-box-description translation-block\">Rodovia Lorena \u2013 Itajub\u00e1, BR 459, km 23. <br>\nCampinho District. <br>\nZIP Code: 12600-970 \u2013 P.O. Box 98<br>\nLorena \u2013 S\u00e3o Paulo \u2013 Brazil<\/p>\n\t\t\t\t\n\t\t\t<\/div>\n\t\t\t\n\t\t<\/div>\n\t\t\t\t\t\t<\/div>\n\t\t\t\t<div class=\"elementor-element elementor-element-c3e06da elementor-position-inline-start elementor-view-default elementor-mobile-position-block-start elementor-widget elementor-widget-icon-box\" data-id=\"c3e06da\" data-element_type=\"widget\" data-e-type=\"widget\" data-widget_type=\"icon-box.default\">\n\t\t\t\t\t\t\t<div class=\"elementor-icon-box-wrapper\">\n\n\t\t\t\t\t\t<div class=\"elementor-icon-box-icon\">\n\t\t\t\t<span  class=\"elementor-icon\">\n\t\t\t\t<svg xmlns=\"http:\/\/www.w3.org\/2000\/svg\" width=\"48\" height=\"48\" viewbox=\"0 0 48 48\" fill=\"none\"><path d=\"M0 9.99999C0 4.47715 4.47715 0 10 0H37.9972C43.52 0 47.9972 4.47715 47.9972 10V37.9972C47.9972 43.52 43.52 47.9972 37.9972 47.9972H9.99999C4.47715 47.9972 0 43.52 0 37.9972V9.99999Z\" fill=\"#E9EBEF\"><\/path><path d=\"M31.9898 15.998H15.9945C14.8903 15.998 13.9951 16.8932 13.9951 17.9975V29.9939C13.9951 31.0981 14.8903 31.9934 15.9945 31.9934H31.9898C33.0941 31.9934 33.9892 31.0981 33.9892 29.9939V17.9975C33.9892 16.8932 33.0941 15.998 31.9898 15.998Z\" stroke=\"#0A0A0A\" stroke-width=\"1.99941\" stroke-linecap=\"round\"><\/path><path d=\"M33.9892 18.9971L25.0218 24.6954C24.7133 24.8888 24.3564 24.9913 23.9922 24.9913C23.6279 24.9913 23.2711 24.8888 22.9625 24.6954L13.9951 18.9971\" stroke=\"#0A0A0A\" stroke-width=\"1.99941\" stroke-linecap=\"round\"><\/path><\/svg>\t\t\t\t<\/span>\n\t\t\t<\/div>\n\t\t\t\n\t\t\t\t\t\t<div class=\"elementor-icon-box-content\">\n\n\t\t\t\t\t\t\t\t\t<h3 class=\"elementor-icon-box-title\">\n\t\t\t\t\t\t<span  >\n\t\t\t\t\t\t\tE-mail\t\t\t\t\t\t<\/span>\n\t\t\t\t\t<\/h3>\n\t\t\t\t\n\t\t\t\t\t\t\t\t\t<p class=\"elementor-icon-box-description\">\n\t\t\t\t\t\tcontato@avibrasaeroco.com\t\t\t\t\t<\/p>\n\t\t\t\t\n\t\t\t<\/div>\n\t\t\t\n\t\t<\/div>\n\t\t\t\t\t\t<\/div>\n\t\t\t\t<\/div>\n\t\t\t\t<div class=\"elementor-element elementor-element-df536d1 e-con e-atomic-element e-flexbox-base\" data-id=\"df536d1\" data-element_type=\"e-flexbox\" data-e-type=\"e-flexbox\" data-interaction-id=\"df536d1\">\n\t\t\t\t<div class=\"elementor-element elementor-element-86af1cd elementor-widget elementor-widget-google_maps\" data-id=\"86af1cd\" data-element_type=\"widget\" data-e-type=\"widget\" data-widget_type=\"google_maps.default\">\n\t\t\t\t\t\t\t<div class=\"elementor-custom-embed\">\n\t\t\t<iframe loading=\"lazy\"\n\t\t\t\t\tsrc=\"https:\/\/maps.google.com\/maps?q=Rodovia%20Lorena%20%E2%80%93%20Itajub%C3%A1%2C%20BR%20459%2C%20km%2023.%20%20Bairro%20do%20Campinho.&#038;t=m&#038;z=10&#038;output=embed&#038;iwloc=near\"\n\t\t\t\t\ttitle=\"Rodovia Lorena \u2013 Itajub\u00e1, BR 459, km 23.  Bairro do Campinho.\"\n\t\t\t\t\taria-label=\"Rodovia Lorena \u2013 Itajub\u00e1, BR 459, km 23.  Bairro do Campinho.\"\n\t\t\t><\/iframe>\n\t\t<\/div>\n\t\t\t\t\t\t<\/div>\n\t\t\t\t<\/div>\n\t\t\t\t<\/div>\n\t\t\t\t\t<\/div>\n\t\t\t\t<\/div>\n\t\t\t\t<\/div>","protected":false},"excerpt":{"rendered":"<p>Contato Unidade Jacare\u00ed &#8211; sede Endere\u00e7o Rodovia dos Tamoios, Km 14. &#8211; Estrada Varadouro, 1200. CEP: 12315-020. Caixa Postal 278. Jacare\u00ed- S\u00e3o Paulo. E-mail contato@avibrasaeroco.com Unidade Lorena Endere\u00e7o Rodovia Lorena \u2013 Itajub\u00e1, BR 459, km 23. Bairro do Campinho. CEP 12600-970 \u2013 Caixa Postal 98. E-mail contato@avibrasaeroco.com<\/p>","protected":false},"author":1,"featured_media":0,"parent":0,"menu_order":0,"comment_status":"closed","ping_status":"closed","template":"","meta":{"footnotes":""},"class_list":["post-481","page","type-page","status-publish","hentry"],"_links":{"self":[{"href":"https:\/\/avibrasaeroco.com\/en\/wp-json\/wp\/v2\/pages\/481","targetHints":{"allow":["GET"]}}],"collection":[{"href":"https:\/\/avibrasaeroco.com\/en\/wp-json\/wp\/v2\/pages"}],"about":[{"href":"https:\/\/avibrasaeroco.com\/en\/wp-json\/wp\/v2\/types\/page"}],"author":[{"embeddable":true,"href":"https:\/\/avibrasaeroco.com\/en\/wp-json\/wp\/v2\/users\/1"}],"replies":[{"embeddable":true,"href":"https:\/\/avibrasaeroco.com\/en\/wp-json\/wp\/v2\/comments?post=481"}],"version-history":[{"count":14,"href":"https:\/\/avibrasaeroco.com\/en\/wp-json\/wp\/v2\/pages\/481\/revisions"}],"predecessor-version":[{"id":786,"href":"https:\/\/avibrasaeroco.com\/en\/wp-json\/wp\/v2\/pages\/481\/revisions\/786"}],"wp:attachment":[{"href":"https:\/\/avibrasaeroco.com\/en\/wp-json\/wp\/v2\/media?parent=481"}],"curies":[{"name":"wp","href":"https:\/\/api.w.org\/{rel}","templated":true}]}}