{"id":499,"date":"2026-04-29T13:56:56","date_gmt":"2026-04-29T13:56:56","guid":{"rendered":"https:\/\/avibrasaeroco.com\/?page_id=499"},"modified":"2026-05-11T17:31:24","modified_gmt":"2026-05-11T17:31:24","slug":"politica-de-privacidade","status":"publish","type":"page","link":"https:\/\/avibrasaeroco.com\/en\/politica-de-privacidade\/","title":{"rendered":"Pol\u00edtica de privacidade"},"content":{"rendered":"<div data-elementor-type=\"wp-page\" data-elementor-id=\"499\" class=\"elementor elementor-499\" data-elementor-post-type=\"page\">\n\t\t\t\t<div class=\"elementor-element elementor-element-449dc41 e-flex e-con-boxed e-con e-parent\" data-id=\"449dc41\" data-element_type=\"container\" data-e-type=\"container\" data-settings=\"{&quot;background_background&quot;:&quot;classic&quot;}\">\n\t\t\t\t\t<div class=\"e-con-inner\">\n\t\t\t\t<section class=\"elementor-element elementor-element-0adeaca e-con e-atomic-element e-flexbox-base e-0adeaca-ec3ec92\" data-id=\"0adeaca\" data-element_type=\"e-flexbox\" data-e-type=\"e-flexbox\" data-interaction-id=\"0adeaca\">\n\t\t\t\t\t\t\t<h1 \n\t\tdata-interaction-id=\"5ca660b\" \n\t\tclass=\"e-5ca660b-5271c64 tit-over-video e-heading-base\" \n\t\t \n\t\tdata-e-type=\"widget\" data-id=\"5ca660b\"\n\t>\n\t\n\t\t\tPOL\u00cdTICA DE privacidade\n\t\t<\/h1>\n\t\t\t\t<\/section>\n\t\t\t\t\t<\/div>\n\t\t\t\t<\/div>\n\t\t<div class=\"elementor-element elementor-element-9252db9 e-flex e-con-boxed e-con e-parent\" data-id=\"9252db9\" data-element_type=\"container\" data-e-type=\"container\">\n\t\t\t\t\t<div class=\"e-con-inner\">\n\t\t\t\t<div class=\"elementor-element elementor-element-e8a4101 elementor-widget elementor-widget-text-editor\" data-id=\"e8a4101\" data-element_type=\"widget\" data-e-type=\"widget\" data-widget_type=\"text-editor.default\">\n\t\t\t\t\t\t\t\t\t<p>A Avibras Aeroco respeita a sua privacidade e est\u00e1 comprometida com a prote\u00e7\u00e3o dos seus dados pessoais. Em conformidade com a Lei Geral de Prote\u00e7\u00e3o de Dados Pessoais (Lei n\u00ba 13.709\/2018), adotamos medidas para garantir que o tratamento de informa\u00e7\u00f5es pessoais seja realizado de forma segura e transparente.<\/p>\n<p>Nesta Pol\u00edtica de Privacidade, voc\u00ea encontrar\u00e1 informa\u00e7\u00f5es sobre como seus dados s\u00e3o coletados, utilizados, armazenados e protegidos pela empresa. Ao fornecer seus dados pessoais \u00e0 Avibras Aeroco, voc\u00ea declara estar ciente e de acordo com os termos aqui apresentados.<\/p>\n<p><\/p>\n<h2>Ambiente seguro<\/h2>\n<p>Ao acessar o nosso site, voc\u00ea navega em um ambiente informativo e seguro. Utilizamos apenas cookies essenciais, que s\u00e3o armazenados durante a navega\u00e7\u00e3o e exclu\u00eddos ao final da sess\u00e3o.<\/p>\n<p>Coletamos dados que n\u00e3o permitem sua identifica\u00e7\u00e3o direta, como informa\u00e7\u00f5es do dispositivo (IP, sistema operacional e geolocaliza\u00e7\u00e3o aproximada) e dados de navega\u00e7\u00e3o (p\u00e1ginas acessadas, datas e hor\u00e1rios de visita e n\u00famero de sess\u00f5es). Essas informa\u00e7\u00f5es ficam sob responsabilidade do nosso provedor de hospedagem e s\u00e3o utilizadas conforme descrito na se\u00e7\u00e3o \u201cFinalidades\u201d.<\/p>\n<p>Nosso site pode conter links para p\u00e1ginas externas. Recomendamos a leitura das respectivas pol\u00edticas de privacidade antes da navega\u00e7\u00e3o.<\/p>\n<p><\/p>\n<h2>Finalidades do tratamento dos dados pessoais<\/h2>\n<p>A Avibras Aeroco coleta, armazena e trata dados pessoais para as seguintes finalidades:<\/p>\n<h2>No \u00e2mbito do site institucional:<\/h2>\n<ul role=\"list\">\n<li>Solucionar problemas t\u00e9cnicos;<\/li>\n<li>Gerenciar riscos e detectar, prevenir ou remediar fraudes e outras atividades potencialmente ilegais;<\/li>\n<li>Prevenir viola\u00e7\u00f5es de pol\u00edticas ou termos de uso;<\/li>\n<li>Cumprir obriga\u00e7\u00f5es legais ou atender a determina\u00e7\u00f5es judiciais.<\/li>\n<\/ul>\n<h2><span style=\"color: inherit; font-family: inherit;\">No \u00e2mbito de seus processos empresariais:<\/span><\/h2>\n<ul role=\"list\">\n<li>Viabilizar a participa\u00e7\u00e3o em processos seletivos;<\/li>\n<li>Formalizar e manter v\u00ednculo empregat\u00edcio;<\/li>\n<li>Permitir a presta\u00e7\u00e3o de servi\u00e7os em nossas instala\u00e7\u00f5es;<\/li>\n<li>Autorizar o uso de recursos computacionais da empresa;<\/li>\n<li>Gerenciar o relacionamento com clientes e fornecedores;<\/li>\n<li>Controlar o acesso de visitantes \u00e0s nossas instala\u00e7\u00f5es;<\/li>\n<li>Cumprir a legisla\u00e7\u00e3o vigente;<\/li>\n<li>Proteger a sa\u00fade, a seguran\u00e7a e o bem-estar dos titulares dos dados.<\/li>\n<\/ul>\n<p>A Avibras Aeroco n\u00e3o comercializa dados pessoais nem os utiliza para finalidades distintas daquelas descritas nesta Pol\u00edtica.<\/p>\n<p><\/p>\n<h2>Medidas para prote\u00e7\u00e3o dos dados pessoais<\/h2>\n<p>Adotamos medidas t\u00e9cnicas e administrativas de seguran\u00e7a da informa\u00e7\u00e3o para proteger os dados pessoais contra acessos n\u00e3o autorizados e situa\u00e7\u00f5es acidentais ou il\u00edcitas, como destrui\u00e7\u00e3o, perda, altera\u00e7\u00e3o, comunica\u00e7\u00e3o ou uso inadequado.<\/p>\n<p>Essas medidas est\u00e3o alinhadas aos padr\u00f5es de seguran\u00e7a da informa\u00e7\u00e3o, \u00e0s boas pr\u00e1ticas de governan\u00e7a e aos princ\u00edpios da Lei Geral de Prote\u00e7\u00e3o de Dados Pessoais (Lei n\u00ba 13.709\/2018), al\u00e9m de demais normas aplic\u00e1veis.<\/p>\n<p><\/p>\n<h2>Compartilhamento de dados pessoais<\/h2>\n<p>A Avibras Aeroco compartilha dados pessoais de colaboradores com \u00f3rg\u00e3os p\u00fablicos, quando necess\u00e1rio para o cumprimento da legisla\u00e7\u00e3o trabalhista, e com entidades privadas respons\u00e1veis pela concess\u00e3o de benef\u00edcios.<\/p>\n<p>Nos casos de compartilhamento com terceiros, firmamos contratos que estabelecem cl\u00e1usulas espec\u00edficas de privacidade e confidencialidade, assegurando a prote\u00e7\u00e3o adequada das informa\u00e7\u00f5es.<\/p>\n<p><\/p>\n<h2>Encarregado de prote\u00e7\u00e3o de dados<\/h2>\n<p>A Avibras Aeroco possui um Encarregado de Prote\u00e7\u00e3o de Dados (DPO), respons\u00e1vel por assegurar o cumprimento da legisla\u00e7\u00e3o e atuar como canal de atendimento para d\u00favidas e solicita\u00e7\u00f5es relacionadas aos seus dados pessoais.<\/p>\n<p>Contato: privacidade@avibrasaeroco.com<\/p>\n<p><\/p>\n<h2>Comunica\u00e7\u00e3o em caso de viola\u00e7\u00e3o de dados<\/h2>\n<p>Em caso de viola\u00e7\u00e3o de dados que cause risco ou dano relevante ao titular, o encarregado comunicar\u00e1 a Autoridade Nacional de Prote\u00e7\u00e3o de Dados (ANPD) e os titulares afetados. Ser\u00e3o fornecidas informa\u00e7\u00f5es precisas quanto a gravidade do incidente, abrang\u00eancia e medidas t\u00e9cnicas adotadas ou planejadas para solucionar o ocorrido.<\/p>\n<p><\/p>\n<h2>Direitos dos titulares dos dados<\/h2>\n<p>Para exercer os direitos previstos pela Lei Geral de Prote\u00e7\u00e3o de Dados (13.709\/18) entre em contato com o encarregado de prote\u00e7\u00e3o de dados atrav\u00e9s do e-mail privacidade@avibrasaeroco.com<\/p>\n<p><\/p>\n<h2>Conformidade com Lei Geral de Prote\u00e7\u00e3o de Dados<\/h2>\n<p>A Avibras Aeroco tem o compromisso de zelar pela sua privacidade, mas se julgar que o tratamento dos dados n\u00e3o esteja em conformidade com a Lei Geral de Prote\u00e7\u00e3o de Dados (13.709\/18), entre em contato com encarregado de prote\u00e7\u00e3o de dados atrav\u00e9s do e-mail privacidade@avibrasaeroco.com<\/p>\n<h2>Revis\u00e3o da pol\u00edtica<\/h2>\n<p>Esta Pol\u00edtica poder\u00e1 ser atualizada periodicamente, a qualquer tempo, para refletir melhorias ou altera\u00e7\u00f5es legais e regulat\u00f3rias.<\/p>\t\t\t\t\t\t\t\t<\/div>\n\t\t\t\t\t<\/div>\n\t\t\t\t<\/div>\n\t\t\t\t<\/div>","protected":false},"excerpt":{"rendered":"<p>POL\u00cdTICA DE privacidade A Avibras Aeroco respeita a sua privacidade e est\u00e1 comprometida com a prote\u00e7\u00e3o dos seus dados pessoais. Em conformidade com a Lei Geral de Prote\u00e7\u00e3o de Dados Pessoais (Lei n\u00ba 13.709\/2018), adotamos medidas para garantir que o tratamento de informa\u00e7\u00f5es pessoais seja realizado de forma segura e transparente. Nesta Pol\u00edtica de Privacidade, [&hellip;]<\/p>\n","protected":false},"author":1,"featured_media":0,"parent":0,"menu_order":0,"comment_status":"closed","ping_status":"closed","template":"","meta":{"footnotes":""},"class_list":["post-499","page","type-page","status-publish","hentry"],"_links":{"self":[{"href":"https:\/\/avibrasaeroco.com\/en\/wp-json\/wp\/v2\/pages\/499","targetHints":{"allow":["GET"]}}],"collection":[{"href":"https:\/\/avibrasaeroco.com\/en\/wp-json\/wp\/v2\/pages"}],"about":[{"href":"https:\/\/avibrasaeroco.com\/en\/wp-json\/wp\/v2\/types\/page"}],"author":[{"embeddable":true,"href":"https:\/\/avibrasaeroco.com\/en\/wp-json\/wp\/v2\/users\/1"}],"replies":[{"embeddable":true,"href":"https:\/\/avibrasaeroco.com\/en\/wp-json\/wp\/v2\/comments?post=499"}],"version-history":[{"count":4,"href":"https:\/\/avibrasaeroco.com\/en\/wp-json\/wp\/v2\/pages\/499\/revisions"}],"predecessor-version":[{"id":504,"href":"https:\/\/avibrasaeroco.com\/en\/wp-json\/wp\/v2\/pages\/499\/revisions\/504"}],"wp:attachment":[{"href":"https:\/\/avibrasaeroco.com\/en\/wp-json\/wp\/v2\/media?parent=499"}],"curies":[{"name":"wp","href":"https:\/\/api.w.org\/{rel}","templated":true}]}}